{"id":44671,"date":"2025-06-23T08:24:00","date_gmt":"2025-06-23T12:24:00","guid":{"rendered":"https:\/\/polyvision.com\/solutions-secteur\/education\/projection\/"},"modified":"2026-04-21T04:27:38","modified_gmt":"2026-04-21T08:27:38","slug":"projection","status":"publish","type":"page","link":"https:\/\/polyvision.com\/fr\/solutions-secteur\/education\/projection\/","title":{"rendered":"PROJECTION"},"content":{"rendered":"\t\t<div data-elementor-type=\"wp-page\" data-elementor-id=\"44671\" class=\"elementor elementor-44671 elementor-27780\" data-elementor-post-type=\"page\">\n\t\t\t\t<div class=\"elementor-element elementor-element-3df3c8bc e-flex e-con-boxed elementor-invisible e-con e-parent\" data-id=\"3df3c8bc\" data-element_type=\"container\" data-e-type=\"container\" data-settings=\"{&quot;background_background&quot;:&quot;classic&quot;,&quot;animation&quot;:&quot;fadeIn&quot;,&quot;animation_delay&quot;:200}\">\n\t\t\t\t\t<div class=\"e-con-inner\">\n\t\t\t\t<div class=\"elementor-element elementor-element-134fcfe5 elementor-widget elementor-widget-heading\" data-id=\"134fcfe5\" data-element_type=\"widget\" data-e-type=\"widget\" data-widget_type=\"heading.default\">\n\t\t\t\t<div class=\"elementor-widget-container\">\n\t\t\t\t\t<h1 class=\"elementor-heading-title elementor-size-xxl\">Projection<\/h1>\t\t\t\t<\/div>\n\t\t\t\t<\/div>\n\t\t<div class=\"elementor-element elementor-element-ce14659 e-con-full e-flex e-con e-child\" data-id=\"ce14659\" data-element_type=\"container\" data-e-type=\"container\">\n\t\t<div class=\"elementor-element elementor-element-8b9f963 e-con-full e-flex e-con e-child\" data-id=\"8b9f963\" data-element_type=\"container\" data-e-type=\"container\">\n\t\t\t\t<div class=\"elementor-element elementor-element-f094336 elementor-widget-divider--view-line_icon elementor-widget-divider--element-align-left elementor-widget-divider--separator-type-pattern elementor-view-default elementor-widget elementor-widget-divider\" data-id=\"f094336\" data-element_type=\"widget\" data-e-type=\"widget\" data-widget_type=\"divider.default\">\n\t\t\t\t<div class=\"elementor-widget-container\">\n\t\t\t\t\t\t\t<div class=\"elementor-divider\" style=\"--divider-pattern-url: url(&quot;data:image\/svg+xml,%3Csvg xmlns=&#039;http:\/\/www.w3.org\/2000\/svg&#039; preserveAspectRatio=&#039;none&#039; overflow=&#039;visible&#039; height=&#039;100%&#039; viewBox=&#039;0 0 20 16&#039; fill=&#039;none&#039; stroke=&#039;black&#039; stroke-width=&#039;1&#039; stroke-linecap=&#039;square&#039; stroke-miterlimit=&#039;10&#039;%3E%3Cg transform=&#039;translate(-12.000000, 0)&#039;%3E%3Cpath d=&#039;M28,0L10,18&#039;\/%3E%3Cpath d=&#039;M18,0L0,18&#039;\/%3E%3Cpath d=&#039;M48,0L30,18&#039;\/%3E%3Cpath d=&#039;M38,0L20,18&#039;\/%3E%3C\/g%3E%3C\/svg%3E&quot;);\">\n\t\t\t<span class=\"elementor-divider-separator\">\n\t\t\t\t\t\t\t<div class=\"elementor-icon elementor-divider__element\">\n\t\t\t\t\t<\/div>\n\t\t\t\t\t\t<\/span>\n\t\t<\/div>\n\t\t\t\t\t\t<\/div>\n\t\t\t\t<\/div>\n\t\t\t\t<\/div>\n\t\t\t\t<div class=\"elementor-element elementor-element-71580e1 elementor-widget-divider--view-line elementor-widget elementor-widget-divider\" data-id=\"71580e1\" data-element_type=\"widget\" data-e-type=\"widget\" data-widget_type=\"divider.default\">\n\t\t\t\t<div class=\"elementor-widget-container\">\n\t\t\t\t\t\t\t<div class=\"elementor-divider\">\n\t\t\t<span class=\"elementor-divider-separator\">\n\t\t\t\t\t\t<\/span>\n\t\t<\/div>\n\t\t\t\t\t\t<\/div>\n\t\t\t\t<\/div>\n\t\t<div class=\"elementor-element elementor-element-543c69a e-con-full e-flex e-con e-child\" data-id=\"543c69a\" data-element_type=\"container\" data-e-type=\"container\">\n\t\t\t\t<div class=\"elementor-element elementor-element-0c60b6a elementor-widget elementor-widget-elementskit-breadcrumb\" data-id=\"0c60b6a\" data-element_type=\"widget\" data-e-type=\"widget\" data-widget_type=\"elementskit-breadcrumb.default\">\n\t\t\t\t<div class=\"elementor-widget-container\">\n\t\t\t\t\t<div class=\"ekit-wid-con\" ><ol class=\"ekit-breadcrumb\"><li class=\"ekit_breadcrumbs_start\"><span class=\"ekit_home_icon\"> <i class=\"fas fa-home\"><\/i> <\/span><a href=\"https:\/\/polyvision.com\/fr\/\">Home<\/a><\/li> <li class=\"brd_sep\"><span class=\"separate_icon\"><i class=\"icon icon-right-arrow1\"><\/i><\/span><\/li> <li><a href=\"https:\/\/polyvision.com\/fr\/solutions-secteur\/\" title=\"SOLUTIONS PAR SECTEUR\">SOLUTIONS PAR SECTEUR<\/a><\/li> <li class=\"brd_sep\"><span class=\"separate_icon\"><i class=\"icon icon-right-arrow1\"><\/i><\/span><\/li> <li><a href=\"https:\/\/polyvision.com\/fr\/solutions-secteur\/education\/\" title=\"\u00c9DUCATION\">\u00c9DUCATION<\/a><\/li> <li class=\"brd_sep\"><span class=\"separate_icon\"><i class=\"icon icon-right-arrow1\"><\/i><\/span><\/li>  <li>PROJECTION<\/li><\/ol><\/div>\t\t\t\t<\/div>\n\t\t\t\t<\/div>\n\t\t\t\t<\/div>\n\t\t\t\t<\/div>\n\t\t\t\t\t<\/div>\n\t\t\t\t<\/div>\n\t\t<div class=\"elementor-element elementor-element-f888e66 e-flex e-con-boxed elementor-invisible e-con e-parent\" data-id=\"f888e66\" data-element_type=\"container\" data-e-type=\"container\" data-settings=\"{&quot;animation&quot;:&quot;fadeIn&quot;,&quot;animation_delay&quot;:300}\">\n\t\t\t\t\t<div class=\"e-con-inner\">\n\t\t<div class=\"elementor-element elementor-element-de24930 e-con-full e-flex e-con e-child\" data-id=\"de24930\" data-element_type=\"container\" data-e-type=\"container\">\n\t\t\t\t<div class=\"elementor-element elementor-element-6758b8a elementor-widget elementor-widget-text-editor\" data-id=\"6758b8a\" data-element_type=\"widget\" data-e-type=\"widget\" data-widget_type=\"text-editor.default\">\n\t\t\t\t<div class=\"elementor-widget-container\">\n\t\t\t\t\t\t\t\t\t<h2>Bonnes pratiques pour une performance visuelle optimale dans les salles de classe et les espaces collaboratifs<\/h2>\n<p>Face \u00e0 l&#39;int\u00e9gration croissante des \u00e9quipements num\u00e9riques dans les salles de classe et les espaces de travail, les surfaces performantes pour tableaux blancs sont plus importantes que jamais.<\/p>\n<p>Ce document t\u00e9l\u00e9chargeable explique comment tirer le meilleur parti de vos tableaux blancs pour projection, en mettant l&#39;accent sur les bonnes pratiques en termes de visibilit\u00e9, de participation et de collaboration. De l&#39;optimisation des distances de visualisation \u00e0 l&#39;harmonieuse int\u00e9gration du contenu projet\u00e9 avec des annotations manuscrites, ce guide est con\u00e7u pour aider les enseignants et les professionnels \u00e0 transformer les surfaces traditionnelles en plateformes interactives et multifonctionnelles.<\/p>\n<p>Nos surfaces CeramicSteel jouent un r\u00f4le central dans cette \u00e9volution. Leur finition durable et hygi\u00e9nique est compatible avec l&#39;\u00e9criture manuscrite et la projection num\u00e9rique, faisait d&#39;elles la solution id\u00e9ale pour les environnements modernes d&#39;apprentissage et de collaboration.<\/p>\n<p>Que vous enseigniez dans un amphith\u00e9\u00e2tre, animiez un atelier ou dirigiez une s\u00e9ance de brainstorming, ces bonnes pratiques vous aideront \u00e0 rendre votre message visible, compr\u00e9hensible et m\u00e9morable.<\/p>\n\t\t\t\t\t\t\t\t<\/div>\n\t\t\t\t<\/div>\n\t\t\t\t<\/div>\n\t\t<div class=\"elementor-element elementor-element-471d926 e-con-full e-flex e-con e-child\" data-id=\"471d926\" data-element_type=\"container\" data-e-type=\"container\">\n\t\t\t\t<div class=\"elementor-element elementor-element-b839159 elementor-widget elementor-widget-image\" data-id=\"b839159\" data-element_type=\"widget\" data-e-type=\"widget\" data-widget_type=\"image.default\">\n\t\t\t\t<div class=\"elementor-widget-container\">\n\t\t\t\t\t\t\t\t\t\t\t\t\t\t\t<img fetchpriority=\"high\" decoding=\"async\" width=\"1400\" height=\"933\" src=\"https:\/\/polyvision.com\/wp-content\/uploads\/2025\/05\/PROJ1.webp\" class=\"attachment-full size-full wp-image-43443\" alt=\"Whiteboard interactive\" srcset=\"https:\/\/polyvision.com\/wp-content\/uploads\/2025\/05\/PROJ1.webp 1400w, https:\/\/polyvision.com\/wp-content\/uploads\/2025\/05\/PROJ1-300x200.webp 300w, https:\/\/polyvision.com\/wp-content\/uploads\/2025\/05\/PROJ1-1024x683.webp 1024w, https:\/\/polyvision.com\/wp-content\/uploads\/2025\/05\/PROJ1-768x512.webp 768w, https:\/\/polyvision.com\/wp-content\/uploads\/2025\/05\/PROJ1-1200x800.webp 1200w\" sizes=\"(max-width: 1400px) 100vw, 1400px\" title=\"\">\t\t\t\t\t\t\t\t\t\t\t\t\t\t\t<\/div>\n\t\t\t\t<\/div>\n\t\t\t\t<\/div>\n\t\t\t\t\t<\/div>\n\t\t\t\t<\/div>\n\t\t<div class=\"elementor-element elementor-element-612bc91 e-flex e-con-boxed elementor-invisible e-con e-parent\" data-id=\"612bc91\" data-element_type=\"container\" data-e-type=\"container\" data-settings=\"{&quot;animation&quot;:&quot;fadeIn&quot;,&quot;animation_delay&quot;:400}\">\n\t\t\t\t\t<div class=\"e-con-inner\">\n\t\t<div class=\"elementor-element elementor-element-f515c0b e-con-full e-flex e-con e-child\" data-id=\"f515c0b\" data-element_type=\"container\" data-e-type=\"container\">\n\t\t\t\t<div class=\"elementor-element elementor-element-c8a6272 elementor--h-position-center elementor--v-position-middle elementor-widget elementor-widget-slides\" data-id=\"c8a6272\" data-element_type=\"widget\" data-e-type=\"widget\" data-settings=\"{&quot;navigation&quot;:&quot;none&quot;,&quot;autoplay_speed&quot;:2000,&quot;transition&quot;:&quot;fade&quot;,&quot;transition_speed&quot;:0,&quot;autoplay&quot;:&quot;yes&quot;,&quot;infinite&quot;:&quot;yes&quot;}\" data-widget_type=\"slides.default\">\n\t\t\t\t<div class=\"elementor-widget-container\">\n\t\t\t\t\t\t\t\t\t<div class=\"elementor-swiper\">\n\t\t\t\t\t<div class=\"elementor-slides-wrapper elementor-main-swiper swiper\" role=\"region\" aria-roledescription=\"carousel\" aria-label=\"Slides\" dir=\"ltr\" data-animation=\"fadeInUp\">\n\t\t\t\t<div class=\"swiper-wrapper elementor-slides\">\n\t\t\t\t\t\t\t\t\t\t<div class=\"elementor-repeater-item-9585db4 swiper-slide\" role=\"group\" aria-roledescription=\"slide\"><div class=\"swiper-slide-bg\" role=\"img\" aria-label=\"Whiteboard Dimensions\"><\/div><div class=\"swiper-slide-inner\" ><div class=\"swiper-slide-contents\"><\/div><\/div><\/div><div class=\"elementor-repeater-item-432c866 swiper-slide\" role=\"group\" aria-roledescription=\"slide\"><div class=\"swiper-slide-bg\" role=\"img\" aria-label=\"Whiteboard Dimensions\"><\/div><div class=\"swiper-slide-inner\" ><div class=\"swiper-slide-contents\"><\/div><\/div><\/div>\t\t\t\t<\/div>\n\t\t\t\t\t\t\t\t\t\t\t\t\t\t\t\t\t\t\t\t\t<\/div>\n\t\t\t\t<\/div>\n\t\t\t\t\t\t\t\t<\/div>\n\t\t\t\t<\/div>\n\t\t\t\t<div class=\"elementor-element elementor-element-d69902c elementor--h-position-center elementor--v-position-middle elementor-widget elementor-widget-slides\" data-id=\"d69902c\" data-element_type=\"widget\" data-e-type=\"widget\" data-settings=\"{&quot;navigation&quot;:&quot;none&quot;,&quot;autoplay_speed&quot;:2000,&quot;transition&quot;:&quot;fade&quot;,&quot;transition_speed&quot;:0,&quot;autoplay&quot;:&quot;yes&quot;,&quot;infinite&quot;:&quot;yes&quot;}\" data-widget_type=\"slides.default\">\n\t\t\t\t<div class=\"elementor-widget-container\">\n\t\t\t\t\t\t\t\t\t<div class=\"elementor-swiper\">\n\t\t\t\t\t<div class=\"elementor-slides-wrapper elementor-main-swiper swiper\" role=\"region\" aria-roledescription=\"carousel\" aria-label=\"Slides\" dir=\"ltr\" data-animation=\"fadeInUp\">\n\t\t\t\t<div class=\"swiper-wrapper elementor-slides\">\n\t\t\t\t\t\t\t\t\t\t<div class=\"elementor-repeater-item-9585db4 swiper-slide\" role=\"group\" aria-roledescription=\"slide\"><div class=\"swiper-slide-bg\" role=\"img\" aria-label=\"Whiteboard Dimensions\"><\/div><div class=\"swiper-slide-inner\" ><div class=\"swiper-slide-contents\"><\/div><\/div><\/div><div class=\"elementor-repeater-item-432c866 swiper-slide\" role=\"group\" aria-roledescription=\"slide\"><div class=\"swiper-slide-bg\" role=\"img\" aria-label=\"Whiteboard Dimensions\"><\/div><div class=\"swiper-slide-inner\" ><div class=\"swiper-slide-contents\"><\/div><\/div><\/div>\t\t\t\t<\/div>\n\t\t\t\t\t\t\t\t\t\t\t\t\t\t\t\t\t\t\t\t\t<\/div>\n\t\t\t\t<\/div>\n\t\t\t\t\t\t\t\t<\/div>\n\t\t\t\t<\/div>\n\t\t\t\t<\/div>\n\t\t<div class=\"elementor-element elementor-element-144f4d7 e-con-full e-flex e-con e-child\" data-id=\"144f4d7\" data-element_type=\"container\" data-e-type=\"container\">\n\t\t<div class=\"elementor-element elementor-element-9fac724 e-con-full e-flex e-con e-child\" data-id=\"9fac724\" data-element_type=\"container\" data-e-type=\"container\">\n\t\t\t\t<div class=\"elementor-element elementor-element-9e6c547 elementor-widget elementor-widget-text-editor\" data-id=\"9e6c547\" data-element_type=\"widget\" data-e-type=\"widget\" data-widget_type=\"text-editor.default\">\n\t\t\t\t<div class=\"elementor-widget-container\">\n\t\t\t\t\t\t\t\t\t<h3 style=\"font-size: 17px; font-family: 'Noto Sans'; font-weight: 600;\">T\u00e9l\u00e9chargez le guide complet pour d\u00e9couvrir comment\u00a0:<\/h3>\n<ul class=\"hanging-list\" style=\"font-size: 15px;\">\n<li>Am\u00e9liorer la visibilit\u00e9 du contenu pour tous les participants<\/li>\n<li>Favoriser la participation en classe et lors des r\u00e9unions<\/li>\n<li>Soutenir une participation active et collaborative<\/li>\n<li>Choisir les bonnes dimensions de la surface de projection<\/li>\n<li>Allier \u00e9criture et projection pour des pr\u00e9sentations dynamiques<\/li>\n<\/ul>\n\t\t\t\t\t\t\t\t<\/div>\n\t\t\t\t<\/div>\n\t\t\t\t<\/div>\n\t\t<div class=\"elementor-element elementor-element-67a30bd e-con-full my-custom-button_13 e-flex e-con e-child\" data-id=\"67a30bd\" data-element_type=\"container\" data-e-type=\"container\">\n\t\t\t\t<div class=\"elementor-element elementor-element-42b4ca6 ekit-equal-height-enable elementor-widget elementor-widget-elementskit-icon-box\" data-id=\"42b4ca6\" data-element_type=\"widget\" data-e-type=\"widget\" data-widget_type=\"elementskit-icon-box.default\">\n\t\t\t\t<div class=\"elementor-widget-container\">\n\t\t\t\t\t<div class=\"ekit-wid-con\" >        <!-- link opening -->\n                <!-- end link opening -->\n\n        <div class=\"elementskit-infobox text-left text-left icon-lef-right-aligin elementor-animation- media  \">\n                    <div class=\"elementskit-box-header elementor-animation-\">\n                <div class=\"elementskit-info-box-icon  text-center\">\n                    <i aria-hidden=\"true\" class=\"elementkit-infobox-icon fas fa-file-pdf\"><\/i>\n                <\/div>\n          <\/div>\n                        <div class=\"box-body\">\n                        \t\t  \t<p>\n\n<a class=\"my-custom-button_13\" href=\"https:\/\/polyvision.com\/wp-content\/uploads\/2025\/08\/2025_BEST-PRACTICES-FOR-WHITEBOARD-PROJECTION_GLOBAL_ENG.pdf\" target=\"_blank\"> T\u00c9L\u00c9CHARGER LE DOCUMENT<\/a>\n\n<\/p>\n                                <\/div>\n        \n        \n                <\/div>\n        <\/div>\t\t\t\t<\/div>\n\t\t\t\t<\/div>\n\t\t\t\t<\/div>\n\t\t\t\t<\/div>\n\t\t\t\t\t<\/div>\n\t\t\t\t<\/div>\n\t\t<div class=\"elementor-element elementor-element-6b66e1b e-flex e-con-boxed elementor-invisible e-con e-parent\" data-id=\"6b66e1b\" data-element_type=\"container\" data-e-type=\"container\" data-settings=\"{&quot;animation&quot;:&quot;fadeIn&quot;,&quot;animation_delay&quot;:900}\">\n\t\t\t\t\t<div class=\"e-con-inner\">\n\t\t<div class=\"elementor-element elementor-element-a6bff73 my-custom-button_2 e-con-full e-flex e-con e-child\" data-id=\"a6bff73\" data-element_type=\"container\" data-e-type=\"container\">\n\t\t\t\t<div class=\"elementor-element elementor-element-73b002f ekit-equal-height-enable elementor-widget elementor-widget-elementskit-icon-box\" data-id=\"73b002f\" data-element_type=\"widget\" data-e-type=\"widget\" data-widget_type=\"elementskit-icon-box.default\">\n\t\t\t\t<div class=\"elementor-widget-container\">\n\t\t\t\t\t<div class=\"ekit-wid-con\" >        <!-- link opening -->\n                <a href=\"https:\/\/polyvision.com\/contact-sales\/\" class=\"ekit_global_links\">\n                <!-- end link opening -->\n\n        <div class=\"elementskit-infobox text-left text-left icon-lef-right-aligin elementor-animation- media  \">\n                    <div class=\"elementskit-box-header elementor-animation-\">\n                <div class=\"elementskit-info-box-icon  text-center\">\n                    <i aria-hidden=\"true\" class=\"elementkit-infobox-icon icon icon-arrow-right\"><\/i>\n                <\/div>\n          <\/div>\n                        <div class=\"box-body\">\n                            <div class=\"elementskit-info-box-title\">\n                    CONTACTER LE SERVICE COMMERCIAL                <\/div>\n                                            <\/div>\n        \n        \n                <\/div>\n                <\/a>\n        <\/div>\t\t\t\t<\/div>\n\t\t\t\t<\/div>\n\t\t\t\t<\/div>\n\t\t<div class=\"elementor-element elementor-element-c8ab0fc my-custom-button e-flex e-con-boxed e-con e-child\" data-id=\"c8ab0fc\" data-element_type=\"container\" data-e-type=\"container\">\n\t\t\t\t\t<div class=\"e-con-inner\">\n\t\t\t\t<div class=\"elementor-element elementor-element-077eaf2 ekit-equal-height-enable elementor-widget elementor-widget-elementskit-icon-box\" data-id=\"077eaf2\" data-element_type=\"widget\" data-e-type=\"widget\" data-widget_type=\"elementskit-icon-box.default\">\n\t\t\t\t<div class=\"elementor-widget-container\">\n\t\t\t\t\t<div class=\"ekit-wid-con\" >        <!-- link opening -->\n                <a href=\"https:\/\/polyvision.com\/resources\/samples\/\" class=\"ekit_global_links\">\n                <!-- end link opening -->\n\n        <div class=\"elementskit-infobox text-left text-left icon-lef-right-aligin elementor-animation- media  \">\n                    <div class=\"elementskit-box-header elementor-animation-\">\n                <div class=\"elementskit-info-box-icon  text-center\">\n                    <i aria-hidden=\"true\" class=\"elementkit-infobox-icon icon icon-arrow-right\"><\/i>\n                <\/div>\n          <\/div>\n                        <div class=\"box-body\">\n                            <div class=\"elementskit-info-box-title\">\n                    \u00c9CHANTILLONS                <\/div>\n                                            <\/div>\n        \n        \n                <\/div>\n                <\/a>\n        <\/div>\t\t\t\t<\/div>\n\t\t\t\t<\/div>\n\t\t\t\t\t<\/div>\n\t\t\t\t<\/div>\n\t\t\t\t\t<\/div>\n\t\t\t\t<\/div>\n\t\t\t\t<\/div>\n\t\t","protected":false},"excerpt":{"rendered":"<p>Projection Home Bonnes pratiques pour une performance visuelle optimale dans les salles de classe et les espaces collaboratifs Face \u00e0 l&#39;int\u00e9gration croissante des \u00e9quipements num\u00e9riques dans les salles de classe et les espaces de travail, les surfaces performantes pour tableaux blancs sont plus importantes que jamais. Ce document t\u00e9l\u00e9chargeable explique comment tirer le meilleur parti &hellip;<\/p>\n","protected":false},"author":4,"featured_media":0,"parent":44065,"menu_order":3,"comment_status":"closed","ping_status":"closed","template":"elementor_header_footer","meta":{"_acf_changed":false,"_genesis_block_theme_hide_title":false,"iawp_total_views":495,"footnotes":""},"class_list":["post-44671","page","type-page","status-publish","hentry","post","without-featured-image"],"acf":[],"_links":{"self":[{"href":"https:\/\/polyvision.com\/fr\/wp-json\/wp\/v2\/pages\/44671","targetHints":{"allow":["GET"]}}],"collection":[{"href":"https:\/\/polyvision.com\/fr\/wp-json\/wp\/v2\/pages"}],"about":[{"href":"https:\/\/polyvision.com\/fr\/wp-json\/wp\/v2\/types\/page"}],"author":[{"embeddable":true,"href":"https:\/\/polyvision.com\/fr\/wp-json\/wp\/v2\/users\/4"}],"replies":[{"embeddable":true,"href":"https:\/\/polyvision.com\/fr\/wp-json\/wp\/v2\/comments?post=44671"}],"version-history":[{"count":3,"href":"https:\/\/polyvision.com\/fr\/wp-json\/wp\/v2\/pages\/44671\/revisions"}],"predecessor-version":[{"id":44677,"href":"https:\/\/polyvision.com\/fr\/wp-json\/wp\/v2\/pages\/44671\/revisions\/44677"}],"up":[{"embeddable":true,"href":"https:\/\/polyvision.com\/fr\/wp-json\/wp\/v2\/pages\/44065"}],"wp:attachment":[{"href":"https:\/\/polyvision.com\/fr\/wp-json\/wp\/v2\/media?parent=44671"}],"curies":[{"name":"wp","href":"https:\/\/api.w.org\/{rel}","templated":true}]}}