{"id":44307,"date":"2024-04-23T05:55:12","date_gmt":"2024-04-23T09:55:12","guid":{"rendered":"https:\/\/polyvision.com\/product-am\/"},"modified":"2026-04-21T04:22:32","modified_gmt":"2026-04-21T08:22:32","slug":"produit-am","status":"publish","type":"page","link":"https:\/\/polyvision.com\/fr\/produit-am\/","title":{"rendered":"PRODUITS AM"},"content":{"rendered":"\t\t<div data-elementor-type=\"wp-page\" data-elementor-id=\"44307\" class=\"elementor elementor-44307 elementor-9440\" data-elementor-post-type=\"page\">\n\t\t\t\t<div class=\"elementor-element elementor-element-5af8988d e-flex e-con-boxed elementor-invisible e-con e-parent\" data-id=\"5af8988d\" data-element_type=\"container\" data-e-type=\"container\" data-settings=\"{&quot;background_background&quot;:&quot;classic&quot;,&quot;animation&quot;:&quot;fadeIn&quot;,&quot;animation_delay&quot;:200}\">\n\t\t\t\t\t<div class=\"e-con-inner\">\n\t\t<div class=\"elementor-element elementor-element-da2d0c9 e-con-full e-flex e-con e-child\" data-id=\"da2d0c9\" data-element_type=\"container\" data-e-type=\"container\">\n\t\t<div class=\"elementor-element elementor-element-899646b e-con-full e-flex e-con e-child\" data-id=\"899646b\" data-element_type=\"container\" data-e-type=\"container\">\n\t\t\t\t<div class=\"elementor-element elementor-element-1e0a8cec elementor-widget elementor-widget-heading\" data-id=\"1e0a8cec\" data-element_type=\"widget\" data-e-type=\"widget\" data-widget_type=\"heading.default\">\n\t\t\t\t<div class=\"elementor-widget-container\">\n\t\t\t\t\t<h1 class=\"elementor-heading-title elementor-size-xxl\">Qu'est-ce que CeramicSteel\u00a0?<\/h1>\t\t\t\t<\/div>\n\t\t\t\t<\/div>\n\t\t\t\t<\/div>\n\t\t<div class=\"elementor-element elementor-element-f0882bb e-con-full e-flex e-con e-child\" data-id=\"f0882bb\" data-element_type=\"container\" data-e-type=\"container\">\n\t\t\t\t<div class=\"elementor-element elementor-element-63b01a4 elementor-position-inline-end elementor-mobile-position-inline-end elementor-view-default elementor-widget elementor-widget-icon-box\" data-id=\"63b01a4\" data-element_type=\"widget\" data-e-type=\"widget\" data-widget_type=\"icon-box.default\">\n\t\t\t\t<div class=\"elementor-widget-container\">\n\t\t\t\t\t\t\t<div class=\"elementor-icon-box-wrapper\">\n\n\t\t\t\t\t\t<div class=\"elementor-icon-box-icon\">\n\t\t\t\t<a href=\"https:\/\/polyvision.com\/products\/ceramicsteel\/\" class=\"elementor-icon\" tabindex=\"-1\" aria-label=\"EN SAVOIR PLUS\">\n\t\t\t\t<i aria-hidden=\"true\" class=\"icon icon-arrow-right\"><\/i>\t\t\t\t<\/a>\n\t\t\t<\/div>\n\t\t\t\n\t\t\t\t\t\t<div class=\"elementor-icon-box-content\">\n\n\t\t\t\t\t\t\t\t\t<h3 class=\"elementor-icon-box-title\">\n\t\t\t\t\t\t<a href=\"https:\/\/polyvision.com\/products\/ceramicsteel\/\" >\n\t\t\t\t\t\t\tEN SAVOIR PLUS\t\t\t\t\t\t<\/a>\n\t\t\t\t\t<\/h3>\n\t\t\t\t\n\t\t\t\t\n\t\t\t<\/div>\n\t\t\t\n\t\t<\/div>\n\t\t\t\t\t\t<\/div>\n\t\t\t\t<\/div>\n\t\t\t\t<\/div>\n\t\t\t\t<\/div>\n\t\t<div class=\"elementor-element elementor-element-41aa5ee e-con-full e-flex e-con e-child\" data-id=\"41aa5ee\" data-element_type=\"container\" data-e-type=\"container\">\n\t\t<div class=\"elementor-element elementor-element-6da41e0 e-con-full e-flex e-con e-child\" data-id=\"6da41e0\" data-element_type=\"container\" data-e-type=\"container\">\n\t\t\t\t<div class=\"elementor-element elementor-element-b103273 elementor-widget-divider--view-line_icon elementor-widget-divider--element-align-left elementor-widget-divider--separator-type-pattern elementor-view-default elementor-widget elementor-widget-divider\" data-id=\"b103273\" data-element_type=\"widget\" data-e-type=\"widget\" data-widget_type=\"divider.default\">\n\t\t\t\t<div class=\"elementor-widget-container\">\n\t\t\t\t\t\t\t<div class=\"elementor-divider\" style=\"--divider-pattern-url: url(&quot;data:image\/svg+xml,%3Csvg xmlns=&#039;http:\/\/www.w3.org\/2000\/svg&#039; preserveAspectRatio=&#039;none&#039; overflow=&#039;visible&#039; height=&#039;100%&#039; viewBox=&#039;0 0 20 16&#039; fill=&#039;none&#039; stroke=&#039;black&#039; stroke-width=&#039;1&#039; stroke-linecap=&#039;square&#039; stroke-miterlimit=&#039;10&#039;%3E%3Cg transform=&#039;translate(-12.000000, 0)&#039;%3E%3Cpath d=&#039;M28,0L10,18&#039;\/%3E%3Cpath d=&#039;M18,0L0,18&#039;\/%3E%3Cpath d=&#039;M48,0L30,18&#039;\/%3E%3Cpath d=&#039;M38,0L20,18&#039;\/%3E%3C\/g%3E%3C\/svg%3E&quot;);\">\n\t\t\t<span class=\"elementor-divider-separator\">\n\t\t\t\t\t\t\t<div class=\"elementor-icon elementor-divider__element\">\n\t\t\t\t\t<\/div>\n\t\t\t\t\t\t<\/span>\n\t\t<\/div>\n\t\t\t\t\t\t<\/div>\n\t\t\t\t<\/div>\n\t\t\t\t<\/div>\n\t\t\t\t<div class=\"elementor-element elementor-element-5600a91 elementor-widget-divider--view-line elementor-widget elementor-widget-divider\" data-id=\"5600a91\" data-element_type=\"widget\" data-e-type=\"widget\" data-widget_type=\"divider.default\">\n\t\t\t\t<div class=\"elementor-widget-container\">\n\t\t\t\t\t\t\t<div class=\"elementor-divider\">\n\t\t\t<span class=\"elementor-divider-separator\">\n\t\t\t\t\t\t<\/span>\n\t\t<\/div>\n\t\t\t\t\t\t<\/div>\n\t\t\t\t<\/div>\n\t\t<div class=\"elementor-element elementor-element-00da89c e-con-full e-flex e-con e-child\" data-id=\"00da89c\" data-element_type=\"container\" data-e-type=\"container\">\n\t\t\t\t<div class=\"elementor-element elementor-element-f90dbd5 elementor-widget elementor-widget-elementskit-breadcrumb\" data-id=\"f90dbd5\" data-element_type=\"widget\" data-e-type=\"widget\" data-widget_type=\"elementskit-breadcrumb.default\">\n\t\t\t\t<div class=\"elementor-widget-container\">\n\t\t\t\t\t<div class=\"ekit-wid-con\" ><ol class=\"ekit-breadcrumb\"><li class=\"ekit_breadcrumbs_start\"><span class=\"ekit_home_icon\"> <i class=\"fas fa-home\"><\/i> <\/span><a href=\"https:\/\/polyvision.com\/fr\/\">Home<\/a><\/li> <li class=\"brd_sep\"><span class=\"separate_icon\"><i class=\"icon icon-right-arrow1\"><\/i><\/span><\/li>  <li>PRODUITS AM<\/li><\/ol><\/div>\t\t\t\t<\/div>\n\t\t\t\t<\/div>\n\t\t\t\t<\/div>\n\t\t\t\t<\/div>\n\t\t\t\t\t<\/div>\n\t\t\t\t<\/div>\n\t\t<div class=\"elementor-element elementor-element-1d0885fc e-flex e-con-boxed e-con e-parent\" data-id=\"1d0885fc\" data-element_type=\"container\" data-e-type=\"container\" data-settings=\"{&quot;background_background&quot;:&quot;classic&quot;}\">\n\t\t\t\t\t<div class=\"e-con-inner\">\n\t\t<div class=\"elementor-element elementor-element-8d3ea92 e-flex e-con-boxed e-con e-child\" data-id=\"8d3ea92\" data-element_type=\"container\" data-e-type=\"container\">\n\t\t\t\t\t<div class=\"e-con-inner\">\n\t\t<div class=\"elementor-element elementor-element-3bfe7b0 e-con-full e-flex e-con e-child\" data-id=\"3bfe7b0\" data-element_type=\"container\" data-e-type=\"container\">\n\t\t<a class=\"elementor-element elementor-element-289b264 e-con-full e-flex elementor-invisible e-con e-child\" data-id=\"289b264\" data-element_type=\"container\" data-e-type=\"container\" data-settings=\"{&quot;background_background&quot;:&quot;classic&quot;,&quot;animation&quot;:&quot;fadeIn&quot;,&quot;animation_delay&quot;:300}\" href=\"https:\/\/polyvision.com\/fr\/produits\/rouleaux\/\">\n\t\t<div class=\"elementor-element elementor-element-0ccb0e3 e-con-full e-flex e-con e-child\" data-id=\"0ccb0e3\" data-element_type=\"container\" data-e-type=\"container\" data-settings=\"{&quot;background_background&quot;:&quot;classic&quot;}\">\n\t\t\t\t<div class=\"elementor-element elementor-element-75634aa elementor-widget elementor-widget-elementskit-motion-text\" data-id=\"75634aa\" data-element_type=\"widget\" data-e-type=\"widget\" data-widget_type=\"elementskit-motion-text.default\">\n\t\t\t\t<div class=\"elementor-widget-container\">\n\t\t\t\t\t<div class=\"ekit-wid-con\" >\t\t<div class=\"elementskit_motion_text_wraper\">\n\t\t\t\t\t\t<div class=\"ekit_motion_text_inner_wraper \" >\n\t\t\t<h2 class=\"ekit_motion_text_title ekit_animation ekit_no_spilit \" data-ekit-animation-delay-s=\"10\" data-animate-class=\"ekit-FadeInLeft\"><span class=\"ekit_motion_text\" data-ekit-animation-delay=\"\">ROULEAUX<\/span>\t\t\t\t<\/h2>\t\t\t\t\t\t\t\t\t<\/div>\n\t\t<\/div>\n\n\t\t<\/div>\t\t\t\t<\/div>\n\t\t\t\t<\/div>\n\t\t\t\t<\/div>\n\t\t\t\t<div class=\"elementor-element elementor-element-6e0a6e2 elementor-widget__width-inherit ekit-cursor-enabled-yes elementor-invisible elementor-widget elementor-widget-elementskit-flip-box\" data-id=\"6e0a6e2\" data-element_type=\"widget\" data-e-type=\"widget\" data-settings=\"{&quot;_animation&quot;:&quot;fadeIn&quot;,&quot;_animation_delay&quot;:200,&quot;ekit_cursor_show&quot;:&quot;yes&quot;,&quot;ekit_cursor_type&quot;:&quot;icon&quot;,&quot;ekit_cursor_icons&quot;:{&quot;value&quot;:{&quot;url&quot;:&quot;https:\\\/\\\/polyvision.com\\\/wp-content\\\/uploads\\\/2023\\\/12\\\/Polyvision_Logo_Light_2024_flower.svg&quot;,&quot;id&quot;:604},&quot;library&quot;:&quot;svg&quot;}}\" data-widget_type=\"elementskit-flip-box.default\">\n\t\t\t\t<div class=\"elementor-widget-container\">\n\t\t\t\t\t<div class=\"ekit-wid-con\" >        <div class=\"ekit-flip-box  box_hover fade_style\">\n            <div class=\"ekit-flip-box-inner\">\n                <div class=\"ekit-flip-box-front \">\n                    <div class=\"ekit-flip-box-inner-wrap\">\n                                            <\/div>\n                <\/div>\n                <div class=\"ekit-flip-box-back \">\n                    <div class=\"ekit-flip-box-inner-wrap wrap-back\">\n                        <div class=\"ekit-flip-box-back-wrap\">\n                                                            <p class=\"ekit-flip-box-back-description\">D\u00e9couvrez comment nos rouleaux CeramicSteel peuvent am\u00e9liorer votre conception, votre produit et votre espace.<\/p>\n                                                    <\/div>\n                    <\/div>\n                <\/div>\n            <\/div>\n        <\/div>\n        <\/div>\t\t\t\t<\/div>\n\t\t\t\t<\/div>\n\t\t\t\t<\/a>\n\t\t<a class=\"elementor-element elementor-element-6d17cae e-con-full e-flex elementor-invisible e-con e-child\" data-id=\"6d17cae\" data-element_type=\"container\" data-e-type=\"container\" data-settings=\"{&quot;animation&quot;:&quot;fadeIn&quot;,&quot;animation_delay&quot;:400}\" href=\"https:\/\/polyvision.com\/fr\/produits\/feuilles\/\">\n\t\t<div class=\"elementor-element elementor-element-19fabc3 e-con-full e-flex e-con e-child\" data-id=\"19fabc3\" data-element_type=\"container\" data-e-type=\"container\" data-settings=\"{&quot;background_background&quot;:&quot;classic&quot;}\">\n\t\t\t\t<div class=\"elementor-element elementor-element-88b10bf elementor-widget elementor-widget-elementskit-motion-text\" data-id=\"88b10bf\" data-element_type=\"widget\" data-e-type=\"widget\" data-widget_type=\"elementskit-motion-text.default\">\n\t\t\t\t<div class=\"elementor-widget-container\">\n\t\t\t\t\t<div class=\"ekit-wid-con\" >\t\t<div class=\"elementskit_motion_text_wraper\">\n\t\t\t\t\t\t<div class=\"ekit_motion_text_inner_wraper \" >\n\t\t\t<h2 class=\"ekit_motion_text_title ekit_animation ekit_no_spilit \" data-ekit-animation-delay-s=\"10\" data-animate-class=\"ekit-FadeInLeft\"><span class=\"ekit_motion_text\" data-ekit-animation-delay=\"\">FEUILLES<\/span>\t\t\t\t<\/h2>\t\t\t\t\t\t\t\t\t<\/div>\n\t\t<\/div>\n\n\t\t<\/div>\t\t\t\t<\/div>\n\t\t\t\t<\/div>\n\t\t\t\t<\/div>\n\t\t\t\t<div class=\"elementor-element elementor-element-c66012a elementor-widget__width-inherit ekit-cursor-enabled-yes elementor-invisible elementor-widget elementor-widget-elementskit-flip-box\" data-id=\"c66012a\" data-element_type=\"widget\" data-e-type=\"widget\" data-settings=\"{&quot;_animation&quot;:&quot;fadeIn&quot;,&quot;_animation_delay&quot;:200,&quot;ekit_cursor_show&quot;:&quot;yes&quot;,&quot;ekit_cursor_type&quot;:&quot;icon&quot;,&quot;ekit_cursor_icons&quot;:{&quot;value&quot;:{&quot;url&quot;:&quot;https:\\\/\\\/polyvision.com\\\/wp-content\\\/uploads\\\/2023\\\/12\\\/Polyvision_Logo_Light_2024_flower.svg&quot;,&quot;id&quot;:604},&quot;library&quot;:&quot;svg&quot;}}\" data-widget_type=\"elementskit-flip-box.default\">\n\t\t\t\t<div class=\"elementor-widget-container\">\n\t\t\t\t\t<div class=\"ekit-wid-con\" >        <div class=\"ekit-flip-box  box_hover fade_style\">\n            <div class=\"ekit-flip-box-inner\">\n                <div class=\"ekit-flip-box-front \">\n                    <div class=\"ekit-flip-box-inner-wrap\">\n                                            <\/div>\n                <\/div>\n                <div class=\"ekit-flip-box-back \">\n                    <div class=\"ekit-flip-box-inner-wrap wrap-back\">\n                        <div class=\"ekit-flip-box-back-wrap\">\n                                                            <p class=\"ekit-flip-box-back-description\">Nos feuilles CeramicSteel red\u00e9finissent les espaces.<\/p>\n                                                    <\/div>\n                    <\/div>\n                <\/div>\n            <\/div>\n        <\/div>\n        <\/div>\t\t\t\t<\/div>\n\t\t\t\t<\/div>\n\t\t\t\t<\/a>\n\t\t<a class=\"elementor-element elementor-element-c41a151 e-con-full e-flex elementor-invisible e-con e-child\" data-id=\"c41a151\" data-element_type=\"container\" data-e-type=\"container\" data-settings=\"{&quot;animation&quot;:&quot;fadeIn&quot;,&quot;animation_delay&quot;:500}\" href=\"https:\/\/polyvision.com\/fr\/produits\/panneaux\/\">\n\t\t<div class=\"elementor-element elementor-element-8f0d6f1 e-con-full e-flex e-con e-child\" data-id=\"8f0d6f1\" data-element_type=\"container\" data-e-type=\"container\" data-settings=\"{&quot;background_background&quot;:&quot;classic&quot;}\">\n\t\t\t\t<div class=\"elementor-element elementor-element-d018593 elementor-widget elementor-widget-elementskit-motion-text\" data-id=\"d018593\" data-element_type=\"widget\" data-e-type=\"widget\" data-widget_type=\"elementskit-motion-text.default\">\n\t\t\t\t<div class=\"elementor-widget-container\">\n\t\t\t\t\t<div class=\"ekit-wid-con\" >\t\t<div class=\"elementskit_motion_text_wraper\">\n\t\t\t\t\t\t<div class=\"ekit_motion_text_inner_wraper \" >\n\t\t\t<h2 class=\"ekit_motion_text_title ekit_animation ekit_no_spilit \" data-ekit-animation-delay-s=\"10\" data-animate-class=\"ekit-FadeInLeft\"><span class=\"ekit_motion_text\" data-ekit-animation-delay=\"\">PANNEAUX<\/span>\t\t\t\t<\/h2>\t\t\t\t\t\t\t\t\t<\/div>\n\t\t<\/div>\n\n\t\t<\/div>\t\t\t\t<\/div>\n\t\t\t\t<\/div>\n\t\t\t\t<\/div>\n\t\t\t\t<div class=\"elementor-element elementor-element-d419991 elementor-widget__width-inherit ekit-cursor-enabled-yes elementor-invisible elementor-widget elementor-widget-elementskit-flip-box\" data-id=\"d419991\" data-element_type=\"widget\" data-e-type=\"widget\" data-settings=\"{&quot;_animation&quot;:&quot;fadeIn&quot;,&quot;_animation_delay&quot;:200,&quot;ekit_cursor_show&quot;:&quot;yes&quot;,&quot;ekit_cursor_type&quot;:&quot;icon&quot;,&quot;ekit_cursor_icons&quot;:{&quot;value&quot;:{&quot;url&quot;:&quot;https:\\\/\\\/polyvision.com\\\/wp-content\\\/uploads\\\/2023\\\/12\\\/Polyvision_Logo_Light_2024_flower.svg&quot;,&quot;id&quot;:604},&quot;library&quot;:&quot;svg&quot;}}\" data-widget_type=\"elementskit-flip-box.default\">\n\t\t\t\t<div class=\"elementor-widget-container\">\n\t\t\t\t\t<div class=\"ekit-wid-con\" >        <div class=\"ekit-flip-box  box_hover fade_style\">\n            <div class=\"ekit-flip-box-inner\">\n                <div class=\"ekit-flip-box-front \">\n                    <div class=\"ekit-flip-box-inner-wrap\">\n                                            <\/div>\n                <\/div>\n                <div class=\"ekit-flip-box-back \">\n                    <div class=\"ekit-flip-box-inner-wrap wrap-back\">\n                        <div class=\"ekit-flip-box-back-wrap\">\n                                                            <p class=\"ekit-flip-box-back-description\">D\u00e9couvrez la polyvalence et la durabilit\u00e9 des panneaux CeramicSteel de Polyvision.<\/p>\n                                                    <\/div>\n                    <\/div>\n                <\/div>\n            <\/div>\n        <\/div>\n        <\/div>\t\t\t\t<\/div>\n\t\t\t\t<\/div>\n\t\t\t\t<\/a>\n\t\t\t\t<\/div>\n\t\t\t\t\t<\/div>\n\t\t\t\t<\/div>\n\t\t\t\t\t<\/div>\n\t\t\t\t<\/div>\n\t\t<div class=\"elementor-element elementor-element-a9254d9 e-flex e-con-boxed e-con e-parent\" data-id=\"a9254d9\" data-element_type=\"container\" data-e-type=\"container\" data-settings=\"{&quot;background_background&quot;:&quot;classic&quot;}\">\n\t\t\t\t\t<div class=\"e-con-inner\">\n\t\t<div class=\"elementor-element elementor-element-4b8ac46 e-con-full e-flex elementor-invisible e-con e-child\" data-id=\"4b8ac46\" data-element_type=\"container\" data-e-type=\"container\" data-settings=\"{&quot;animation&quot;:&quot;fadeIn&quot;,&quot;animation_delay&quot;:1400}\">\n\t\t\t\t<div class=\"elementor-element elementor-element-70156ef elementor-widget elementor-widget-image\" data-id=\"70156ef\" data-element_type=\"widget\" data-e-type=\"widget\" data-widget_type=\"image.default\">\n\t\t\t\t<div class=\"elementor-widget-container\">\n\t\t\t\t\t\t\t\t\t\t\t\t\t\t\t<img fetchpriority=\"high\" decoding=\"async\" width=\"1400\" height=\"788\" src=\"https:\/\/polyvision.com\/wp-content\/uploads\/2024\/03\/PaneelBackground_V2.jpg\" class=\"attachment-full size-full wp-image-8420\" alt=\"\" srcset=\"https:\/\/polyvision.com\/wp-content\/uploads\/2024\/03\/PaneelBackground_V2.jpg 1400w, https:\/\/polyvision.com\/wp-content\/uploads\/2024\/03\/PaneelBackground_V2-300x169.jpg 300w, https:\/\/polyvision.com\/wp-content\/uploads\/2024\/03\/PaneelBackground_V2-1024x576.jpg 1024w, https:\/\/polyvision.com\/wp-content\/uploads\/2024\/03\/PaneelBackground_V2-768x432.jpg 768w, https:\/\/polyvision.com\/wp-content\/uploads\/2024\/03\/PaneelBackground_V2-1200x675.jpg 1200w\" sizes=\"(max-width: 1400px) 100vw, 1400px\" title=\"\">\t\t\t\t\t\t\t\t\t\t\t\t\t\t\t<\/div>\n\t\t\t\t<\/div>\n\t\t\t\t<\/div>\n\t\t<div class=\"elementor-element elementor-element-e1a3eac my-custom-button_2 e-con-full e-flex elementor-invisible e-con e-child\" data-id=\"e1a3eac\" data-element_type=\"container\" data-e-type=\"container\" data-settings=\"{&quot;animation&quot;:&quot;fadeIn&quot;,&quot;animation_delay&quot;:1200}\">\n\t\t\t\t<div class=\"elementor-element elementor-element-cd2d591 ekit-equal-height-enable elementor-widget elementor-widget-elementskit-icon-box\" data-id=\"cd2d591\" data-element_type=\"widget\" data-e-type=\"widget\" data-widget_type=\"elementskit-icon-box.default\">\n\t\t\t\t<div class=\"elementor-widget-container\">\n\t\t\t\t\t<div class=\"ekit-wid-con\" >        <!-- link opening -->\n                <a href=\"https:\/\/polyvision.com\/contact-sales\/\" class=\"ekit_global_links\">\n                <!-- end link opening -->\n\n        <div class=\"elementskit-infobox text-left text-left icon-lef-right-aligin elementor-animation- media  \">\n                    <div class=\"elementskit-box-header elementor-animation-\">\n                <div class=\"elementskit-info-box-icon  text-center\">\n                    <i aria-hidden=\"true\" class=\"elementkit-infobox-icon icon icon-arrow-right\"><\/i>\n                <\/div>\n          <\/div>\n                        <div class=\"box-body\">\n                            <div class=\"elementskit-info-box-title\">\n                    CONTACTER LE SERVICE COMMERCIAL                <\/div>\n                                            <\/div>\n        \n        \n                <\/div>\n                <\/a>\n        <\/div>\t\t\t\t<\/div>\n\t\t\t\t<\/div>\n\t\t\t\t<\/div>\n\t\t\t\t\t<\/div>\n\t\t\t\t<\/div>\n\t\t\t\t<\/div>\n\t\t","protected":false},"excerpt":{"rendered":"<p>Qu&rsquo;est-ce que CeramicSteel\u00a0? EN SAVOIR PLUS Home ROULEAUX D\u00e9couvrez comment nos rouleaux CeramicSteel peuvent am\u00e9liorer votre conception, votre produit et votre espace. FEUILLES Nos feuilles CeramicSteel red\u00e9finissent les espaces. PANNEAUX D\u00e9couvrez la polyvalence et la durabilit\u00e9 des panneaux CeramicSteel de Polyvision. CONTACTER LE SERVICE COMMERCIAL<\/p>\n","protected":false},"author":4,"featured_media":0,"parent":0,"menu_order":7,"comment_status":"closed","ping_status":"closed","template":"elementor_header_footer","meta":{"_acf_changed":false,"_genesis_block_theme_hide_title":false,"iawp_total_views":13359,"footnotes":""},"class_list":["post-44307","page","type-page","status-publish","hentry","post","without-featured-image"],"acf":[],"_links":{"self":[{"href":"https:\/\/polyvision.com\/fr\/wp-json\/wp\/v2\/pages\/44307","targetHints":{"allow":["GET"]}}],"collection":[{"href":"https:\/\/polyvision.com\/fr\/wp-json\/wp\/v2\/pages"}],"about":[{"href":"https:\/\/polyvision.com\/fr\/wp-json\/wp\/v2\/types\/page"}],"author":[{"embeddable":true,"href":"https:\/\/polyvision.com\/fr\/wp-json\/wp\/v2\/users\/4"}],"replies":[{"embeddable":true,"href":"https:\/\/polyvision.com\/fr\/wp-json\/wp\/v2\/comments?post=44307"}],"version-history":[{"count":4,"href":"https:\/\/polyvision.com\/fr\/wp-json\/wp\/v2\/pages\/44307\/revisions"}],"predecessor-version":[{"id":44325,"href":"https:\/\/polyvision.com\/fr\/wp-json\/wp\/v2\/pages\/44307\/revisions\/44325"}],"wp:attachment":[{"href":"https:\/\/polyvision.com\/fr\/wp-json\/wp\/v2\/media?parent=44307"}],"curies":[{"name":"wp","href":"https:\/\/api.w.org\/{rel}","templated":true}]}}