{"id":35894,"date":"2024-04-30T08:49:39","date_gmt":"2024-04-30T12:49:39","guid":{"rendered":"https:\/\/polyvision.com\/terms-of-use\/"},"modified":"2025-09-19T05:01:20","modified_gmt":"2025-09-19T09:01:20","slug":"terminos-uso","status":"publish","type":"page","link":"https:\/\/polyvision.com\/es\/terminos-uso\/","title":{"rendered":"T\u00e9rminos de uso"},"content":{"rendered":"\t\t<div data-elementor-type=\"wp-page\" data-elementor-id=\"35894\" class=\"elementor elementor-35894 elementor-11371\" data-elementor-post-type=\"page\">\n\t\t\t\t<div class=\"elementor-element elementor-element-62f4fc5b e-flex e-con-boxed elementor-invisible e-con e-parent\" data-id=\"62f4fc5b\" data-element_type=\"container\" data-e-type=\"container\" data-settings=\"{&quot;animation&quot;:&quot;fadeIn&quot;,&quot;animation_delay&quot;:200}\">\n\t\t\t\t\t<div class=\"e-con-inner\">\n\t\t\t\t<div class=\"elementor-element elementor-element-7007a87 elementor-widget elementor-widget-heading\" data-id=\"7007a87\" data-element_type=\"widget\" data-e-type=\"widget\" data-widget_type=\"heading.default\">\n\t\t\t\t<div class=\"elementor-widget-container\">\n\t\t\t\t\t<h1 class=\"elementor-heading-title elementor-size-xxl\">T\u00e9rminos de uso<\/h1>\t\t\t\t<\/div>\n\t\t\t\t<\/div>\n\t\t<div class=\"elementor-element elementor-element-613b7d17 e-con-full e-flex e-con e-child\" data-id=\"613b7d17\" data-element_type=\"container\" data-e-type=\"container\">\n\t\t<div class=\"elementor-element elementor-element-38bf7be2 e-con-full e-flex e-con e-child\" data-id=\"38bf7be2\" data-element_type=\"container\" data-e-type=\"container\">\n\t\t\t\t<div class=\"elementor-element elementor-element-55219bcb elementor-widget-divider--view-line_icon elementor-widget-divider--element-align-left elementor-widget-divider--separator-type-pattern elementor-view-default elementor-widget elementor-widget-divider\" data-id=\"55219bcb\" data-element_type=\"widget\" data-e-type=\"widget\" data-widget_type=\"divider.default\">\n\t\t\t\t<div class=\"elementor-widget-container\">\n\t\t\t\t\t\t\t<div class=\"elementor-divider\" style=\"--divider-pattern-url: url(&quot;data:image\/svg+xml,%3Csvg xmlns=&#039;http:\/\/www.w3.org\/2000\/svg&#039; preserveAspectRatio=&#039;none&#039; overflow=&#039;visible&#039; height=&#039;100%&#039; viewBox=&#039;0 0 20 16&#039; fill=&#039;none&#039; stroke=&#039;black&#039; stroke-width=&#039;1&#039; stroke-linecap=&#039;square&#039; stroke-miterlimit=&#039;10&#039;%3E%3Cg transform=&#039;translate(-12.000000, 0)&#039;%3E%3Cpath d=&#039;M28,0L10,18&#039;\/%3E%3Cpath d=&#039;M18,0L0,18&#039;\/%3E%3Cpath d=&#039;M48,0L30,18&#039;\/%3E%3Cpath d=&#039;M38,0L20,18&#039;\/%3E%3C\/g%3E%3C\/svg%3E&quot;);\">\n\t\t\t<span class=\"elementor-divider-separator\">\n\t\t\t\t\t\t\t<div class=\"elementor-icon elementor-divider__element\">\n\t\t\t\t\t<\/div>\n\t\t\t\t\t\t<\/span>\n\t\t<\/div>\n\t\t\t\t\t\t<\/div>\n\t\t\t\t<\/div>\n\t\t\t\t<\/div>\n\t\t\t\t<div class=\"elementor-element elementor-element-7fb48d47 elementor-widget-divider--view-line elementor-widget elementor-widget-divider\" data-id=\"7fb48d47\" data-element_type=\"widget\" data-e-type=\"widget\" data-widget_type=\"divider.default\">\n\t\t\t\t<div class=\"elementor-widget-container\">\n\t\t\t\t\t\t\t<div class=\"elementor-divider\">\n\t\t\t<span class=\"elementor-divider-separator\">\n\t\t\t\t\t\t<\/span>\n\t\t<\/div>\n\t\t\t\t\t\t<\/div>\n\t\t\t\t<\/div>\n\t\t<div class=\"elementor-element elementor-element-481b925d e-con-full e-flex e-con e-child\" data-id=\"481b925d\" data-element_type=\"container\" data-e-type=\"container\">\n\t\t\t\t<div class=\"elementor-element elementor-element-2fe4b836 elementor-widget elementor-widget-elementskit-breadcrumb\" data-id=\"2fe4b836\" data-element_type=\"widget\" data-e-type=\"widget\" data-widget_type=\"elementskit-breadcrumb.default\">\n\t\t\t\t<div class=\"elementor-widget-container\">\n\t\t\t\t\t<div class=\"ekit-wid-con\" ><ol class=\"ekit-breadcrumb\"><li class=\"ekit_breadcrumbs_start\"><span class=\"ekit_home_icon\"> <i class=\"fas fa-home\"><\/i> <\/span><a href=\"https:\/\/polyvision.com\/es\/\">Home<\/a><\/li> <li class=\"brd_sep\"><span class=\"separate_icon\"><i class=\"icon icon-right-arrow1\"><\/i><\/span><\/li>  <li>T\u00e9rminos de uso<\/li><\/ol><\/div>\t\t\t\t<\/div>\n\t\t\t\t<\/div>\n\t\t\t\t<\/div>\n\t\t\t\t<\/div>\n\t\t\t\t\t<\/div>\n\t\t\t\t<\/div>\n\t\t<div class=\"elementor-element elementor-element-4bd1401 e-flex e-con-boxed elementor-invisible e-con e-parent\" data-id=\"4bd1401\" data-element_type=\"container\" data-e-type=\"container\" data-settings=\"{&quot;animation&quot;:&quot;fadeIn&quot;,&quot;animation_delay&quot;:300}\">\n\t\t\t\t\t<div class=\"e-con-inner\">\n\t\t\t\t<div class=\"elementor-element elementor-element-9400b6c elementor-widget elementor-widget-text-editor\" data-id=\"9400b6c\" data-element_type=\"widget\" data-e-type=\"widget\" data-widget_type=\"text-editor.default\">\n\t\t\t\t<div class=\"elementor-widget-container\">\n\t\t\t\t\t\t\t\t\t<p><em>\u00daltima modificaci\u00f3n: 28\u00a0de\u00a0enero de\u00a02023<\/em><\/p>\n\t\t\t\t\t\t\t\t<\/div>\n\t\t\t\t<\/div>\n\t\t\t\t<div class=\"elementor-element elementor-element-2b01601 elementor-widget elementor-widget-text-editor\" data-id=\"2b01601\" data-element_type=\"widget\" data-e-type=\"widget\" data-widget_type=\"text-editor.default\">\n\t\t\t\t<div class=\"elementor-widget-container\">\n\t\t\t\t\t\t\t\t\t<p>Este documento describe los t\u00e9rminos y condiciones de uso de nuestros servicios y detalla las obligaciones, derechos y responsabilidades legales de todas las partes involucradas.<\/p>\n\t\t\t\t\t\t\t\t<\/div>\n\t\t\t\t<\/div>\n\t\t\t\t\t<\/div>\n\t\t\t\t<\/div>\n\t\t<div class=\"elementor-element elementor-element-984e7f2 e-flex e-con-boxed elementor-invisible e-con e-parent\" data-id=\"984e7f2\" data-element_type=\"container\" data-e-type=\"container\" data-settings=\"{&quot;animation&quot;:&quot;fadeIn&quot;,&quot;animation_delay&quot;:400}\">\n\t\t\t\t\t<div class=\"e-con-inner\">\n\t\t<div class=\"elementor-element elementor-element-77ca31c e-con-full e-flex e-con e-child\" data-id=\"77ca31c\" data-element_type=\"container\" data-e-type=\"container\">\n\t\t\t\t<div class=\"elementor-element elementor-element-76713ad ekit-equal-height-enable elementor-widget elementor-widget-elementskit-icon-box\" data-id=\"76713ad\" data-element_type=\"widget\" data-e-type=\"widget\" data-widget_type=\"elementskit-icon-box.default\">\n\t\t\t\t<div class=\"elementor-widget-container\">\n\t\t\t\t\t<div class=\"ekit-wid-con\" >        <!-- link opening -->\n                <a href=\"https:\/\/polyvision.com\/wp-content\/uploads\/2025\/08\/2025_MOBILE-AND-WEBSITE-TERMS-OF-USE_GLOBAL_ENG.pdf\" target=\"_blank\" class=\"ekit_global_links\">\n                <!-- end link opening -->\n\n        <div class=\"elementskit-infobox text-left text-left icon-lef-right-aligin elementor-animation- media  \">\n                    <div class=\"elementskit-box-header elementor-animation-\">\n                <div class=\"elementskit-info-box-icon  text-center\">\n                    <i aria-hidden=\"true\" class=\"elementkit-infobox-icon fas fa-file-download\"><\/i>\n                <\/div>\n          <\/div>\n                        <div class=\"box-body\">\n                            <div class=\"elementskit-info-box-title\">\n                    T\u00e9rminos de uso                <\/div>\n                                            <\/div>\n        \n        \n                <\/div>\n                <\/a>\n        <\/div>\t\t\t\t<\/div>\n\t\t\t\t<\/div>\n\t\t\t\t<\/div>\n\t\t\t\t\t<\/div>\n\t\t\t\t<\/div>\n\t\t<div class=\"elementor-element elementor-element-a364422 e-flex e-con-boxed elementor-invisible e-con e-parent\" data-id=\"a364422\" data-element_type=\"container\" data-e-type=\"container\" data-settings=\"{&quot;animation&quot;:&quot;fadeIn&quot;,&quot;animation_delay&quot;:500}\">\n\t\t\t\t\t<div class=\"e-con-inner\">\n\t\t\t\t<div class=\"elementor-element elementor-element-5c835df elementor-widget elementor-widget-heading\" data-id=\"5c835df\" data-element_type=\"widget\" data-e-type=\"widget\" data-widget_type=\"heading.default\">\n\t\t\t\t<div class=\"elementor-widget-container\">\n\t\t\t\t\t<h2 class=\"elementor-heading-title elementor-size-default\">CONT\u00c1CTENOS<\/h2>\t\t\t\t<\/div>\n\t\t\t\t<\/div>\n\t\t\t\t<div class=\"elementor-element elementor-element-52e0cb0 emailtext elementor-widget elementor-widget-text-editor\" data-id=\"52e0cb0\" data-element_type=\"widget\" data-e-type=\"widget\" data-widget_type=\"text-editor.default\">\n\t\t\t\t<div class=\"elementor-widget-container\">\n\t\t\t\t\t\t\t\t\tPara consultas relacionadas con nuestros t\u00e9rminos de uso, puede escribirnos al siguiente correo electr\u00f3nico:<a style=\"color: white; text-decoration: none; font-weight: bold;\" href=\"mailto:info@polyvision.com\" target=\"_blank\" rel=\"noopener\">\ninfo@polyvision.com\n<\/a>\t\t\t\t\t\t\t\t<\/div>\n\t\t\t\t<\/div>\n\t\t\t\t\t<\/div>\n\t\t\t\t<\/div>\n\t\t\t\t<\/div>\n\t\t","protected":false},"excerpt":{"rendered":"<p>T\u00e9rminos de uso Home \u00daltima modificaci\u00f3n: 28\u00a0de\u00a0enero de\u00a02023 Este documento describe los t\u00e9rminos y condiciones de uso de nuestros servicios y detalla las obligaciones, derechos y responsabilidades legales de todas las partes involucradas. T\u00e9rminos de uso CONT\u00c1CTENOS Para consultas relacionadas con nuestros t\u00e9rminos de uso, puede escribirnos al siguiente correo electr\u00f3nico: info@polyvision.com<\/p>\n","protected":false},"author":4,"featured_media":0,"parent":0,"menu_order":19,"comment_status":"closed","ping_status":"closed","template":"elementor_header_footer","meta":{"_acf_changed":false,"_genesis_block_theme_hide_title":false,"iawp_total_views":4,"footnotes":""},"class_list":["post-35894","page","type-page","status-publish","hentry","post","without-featured-image"],"acf":[],"_links":{"self":[{"href":"https:\/\/polyvision.com\/es\/wp-json\/wp\/v2\/pages\/35894","targetHints":{"allow":["GET"]}}],"collection":[{"href":"https:\/\/polyvision.com\/es\/wp-json\/wp\/v2\/pages"}],"about":[{"href":"https:\/\/polyvision.com\/es\/wp-json\/wp\/v2\/types\/page"}],"author":[{"embeddable":true,"href":"https:\/\/polyvision.com\/es\/wp-json\/wp\/v2\/users\/4"}],"replies":[{"embeddable":true,"href":"https:\/\/polyvision.com\/es\/wp-json\/wp\/v2\/comments?post=35894"}],"version-history":[{"count":0,"href":"https:\/\/polyvision.com\/es\/wp-json\/wp\/v2\/pages\/35894\/revisions"}],"wp:attachment":[{"href":"https:\/\/polyvision.com\/es\/wp-json\/wp\/v2\/media?parent=35894"}],"curies":[{"name":"wp","href":"https:\/\/api.w.org\/{rel}","templated":true}]}}