{"id":35587,"date":"2023-11-17T08:51:13","date_gmt":"2023-11-17T13:51:13","guid":{"rendered":"https:\/\/polyvision.com\/productos\/product-collections\/"},"modified":"2026-04-21T04:13:13","modified_gmt":"2026-04-21T08:13:13","slug":"colecciones-productos","status":"publish","type":"page","link":"https:\/\/polyvision.com\/es\/productos\/colecciones-productos\/","title":{"rendered":"COLECCIONES DE PRODUCTOS"},"content":{"rendered":"\t\t<div data-elementor-type=\"wp-page\" data-elementor-id=\"35587\" class=\"elementor elementor-35587 elementor-293\" data-elementor-post-type=\"page\">\n\t\t\t\t<div class=\"elementor-element elementor-element-43ea0f0 e-flex e-con-boxed elementor-invisible e-con e-parent\" data-id=\"43ea0f0\" data-element_type=\"container\" data-e-type=\"container\" data-settings=\"{&quot;background_background&quot;:&quot;classic&quot;,&quot;animation&quot;:&quot;fadeIn&quot;,&quot;animation_delay&quot;:200}\">\n\t\t\t\t\t<div class=\"e-con-inner\">\n\t\t\t\t<div class=\"elementor-element elementor-element-48b98560 elementor-widget elementor-widget-heading\" data-id=\"48b98560\" data-element_type=\"widget\" data-e-type=\"widget\" data-widget_type=\"heading.default\">\n\t\t\t\t<div class=\"elementor-widget-container\">\n\t\t\t\t\t<h1 class=\"elementor-heading-title elementor-size-xxl\">Colecciones de productos<\/h1>\t\t\t\t<\/div>\n\t\t\t\t<\/div>\n\t\t<div class=\"elementor-element elementor-element-a0e306f e-con-full e-flex e-con e-child\" data-id=\"a0e306f\" data-element_type=\"container\" data-e-type=\"container\">\n\t\t<div class=\"elementor-element elementor-element-cbdb3df e-con-full e-flex e-con e-child\" data-id=\"cbdb3df\" data-element_type=\"container\" data-e-type=\"container\">\n\t\t\t\t<div class=\"elementor-element elementor-element-ec1c050 elementor-widget-divider--view-line_icon elementor-widget-divider--element-align-left elementor-widget-divider--separator-type-pattern elementor-view-default elementor-widget elementor-widget-divider\" data-id=\"ec1c050\" data-element_type=\"widget\" data-e-type=\"widget\" data-widget_type=\"divider.default\">\n\t\t\t\t<div class=\"elementor-widget-container\">\n\t\t\t\t\t\t\t<div class=\"elementor-divider\" style=\"--divider-pattern-url: url(&quot;data:image\/svg+xml,%3Csvg xmlns=&#039;http:\/\/www.w3.org\/2000\/svg&#039; preserveAspectRatio=&#039;none&#039; overflow=&#039;visible&#039; height=&#039;100%&#039; viewBox=&#039;0 0 20 16&#039; fill=&#039;none&#039; stroke=&#039;black&#039; stroke-width=&#039;1&#039; stroke-linecap=&#039;square&#039; stroke-miterlimit=&#039;10&#039;%3E%3Cg transform=&#039;translate(-12.000000, 0)&#039;%3E%3Cpath d=&#039;M28,0L10,18&#039;\/%3E%3Cpath d=&#039;M18,0L0,18&#039;\/%3E%3Cpath d=&#039;M48,0L30,18&#039;\/%3E%3Cpath d=&#039;M38,0L20,18&#039;\/%3E%3C\/g%3E%3C\/svg%3E&quot;);\">\n\t\t\t<span class=\"elementor-divider-separator\">\n\t\t\t\t\t\t\t<div class=\"elementor-icon elementor-divider__element\">\n\t\t\t\t\t<\/div>\n\t\t\t\t\t\t<\/span>\n\t\t<\/div>\n\t\t\t\t\t\t<\/div>\n\t\t\t\t<\/div>\n\t\t\t\t<\/div>\n\t\t\t\t<div class=\"elementor-element elementor-element-6c956e9 elementor-widget-divider--view-line elementor-widget elementor-widget-divider\" data-id=\"6c956e9\" data-element_type=\"widget\" data-e-type=\"widget\" data-widget_type=\"divider.default\">\n\t\t\t\t<div class=\"elementor-widget-container\">\n\t\t\t\t\t\t\t<div class=\"elementor-divider\">\n\t\t\t<span class=\"elementor-divider-separator\">\n\t\t\t\t\t\t<\/span>\n\t\t<\/div>\n\t\t\t\t\t\t<\/div>\n\t\t\t\t<\/div>\n\t\t<div class=\"elementor-element elementor-element-6bc939d e-con-full e-flex e-con e-child\" data-id=\"6bc939d\" data-element_type=\"container\" data-e-type=\"container\">\n\t\t\t\t<div class=\"elementor-element elementor-element-1d0701a elementor-widget elementor-widget-elementskit-breadcrumb\" data-id=\"1d0701a\" data-element_type=\"widget\" data-e-type=\"widget\" data-widget_type=\"elementskit-breadcrumb.default\">\n\t\t\t\t<div class=\"elementor-widget-container\">\n\t\t\t\t\t<div class=\"ekit-wid-con\" ><ol class=\"ekit-breadcrumb\"><li class=\"ekit_breadcrumbs_start\"><span class=\"ekit_home_icon\"> <i class=\"fas fa-home\"><\/i> <\/span><a href=\"https:\/\/polyvision.com\/es\/\">Home<\/a><\/li> <li class=\"brd_sep\"><span class=\"separate_icon\"><i class=\"icon icon-right-arrow1\"><\/i><\/span><\/li> <li><a href=\"https:\/\/polyvision.com\/es\/productos\/\" title=\"PRODUCTOS\">PRODUCTOS<\/a><\/li> <li class=\"brd_sep\"><span class=\"separate_icon\"><i class=\"icon icon-right-arrow1\"><\/i><\/span><\/li>  <li>COLECCIONES DE PRODUCTOS<\/li><\/ol><\/div>\t\t\t\t<\/div>\n\t\t\t\t<\/div>\n\t\t\t\t<\/div>\n\t\t\t\t<\/div>\n\t\t\t\t\t<\/div>\n\t\t\t\t<\/div>\n\t\t<div class=\"elementor-element elementor-element-16d6459 e-flex e-con-boxed e-con e-parent\" data-id=\"16d6459\" data-element_type=\"container\" data-e-type=\"container\">\n\t\t\t\t\t<div class=\"e-con-inner\">\n\t\t<div class=\"elementor-element elementor-element-451176e e-flex e-con-boxed elementor-invisible e-con e-child\" data-id=\"451176e\" data-element_type=\"container\" data-e-type=\"container\" data-settings=\"{&quot;animation&quot;:&quot;fadeIn&quot;,&quot;animation_delay&quot;:300}\">\n\t\t\t\t\t<div class=\"e-con-inner\">\n\t\t\t\t<div class=\"elementor-element elementor-element-b855fea elementor-widget elementor-widget-text-editor\" data-id=\"b855fea\" data-element_type=\"widget\" data-e-type=\"widget\" data-widget_type=\"text-editor.default\">\n\t\t\t\t<div class=\"elementor-widget-container\">\n\t\t\t\t\t\t\t\t\t<h5>Nuestros productos de CeramicSteel son el m\u00e1ximo ejemplo de elegancia, <br \/>atractivo visual y resistencia.<\/h5>\n<p>Pensados para adaptarse a las necesidades de espacios educativos, profesionales y arquitect\u00f3nicos, cada uno de nuestros productos representa la innovaci\u00f3n, con un dise\u00f1o que inspira y resiste. Nuestra colecci\u00f3n incluye una gran variedad de piezas \u00fanicas que cuentan sus propias historias y se adaptan a cualquier espacio.<\/p>\n<p>Explore la colecci\u00f3n y experimente la combinaci\u00f3n ideal de estilo y solidez que ofrecen nuestros productos de CeramicSteel.<\/p>\n\t\t\t\t\t\t\t\t<\/div>\n\t\t\t\t<\/div>\n\t\t\t\t\t<\/div>\n\t\t\t\t<\/div>\n\t\t<a class=\"elementor-element elementor-element-63e76b0 e-con-full e-flex elementor-invisible e-con e-child\" data-id=\"63e76b0\" data-element_type=\"container\" data-e-type=\"container\" data-settings=\"{&quot;background_background&quot;:&quot;classic&quot;,&quot;animation&quot;:&quot;fadeIn&quot;,&quot;animation_delay&quot;:400}\" href=\"https:\/\/polyvision.com\/es\/productos\/colecciones-productos\/soluciones-paredes\/\">\n\t\t<div class=\"elementor-element elementor-element-3e4644b e-con-full e-flex e-con e-child\" data-id=\"3e4644b\" data-element_type=\"container\" data-e-type=\"container\" data-settings=\"{&quot;background_background&quot;:&quot;classic&quot;}\">\n\t\t\t\t<div class=\"elementor-element elementor-element-00dfb6b elementor-widget elementor-widget-elementskit-motion-text\" data-id=\"00dfb6b\" data-element_type=\"widget\" data-e-type=\"widget\" data-widget_type=\"elementskit-motion-text.default\">\n\t\t\t\t<div class=\"elementor-widget-container\">\n\t\t\t\t\t<div class=\"ekit-wid-con\" >\t\t<div class=\"elementskit_motion_text_wraper\">\n\t\t\t\t\t\t<div class=\"ekit_motion_text_inner_wraper \" >\n\t\t\t<h4 class=\"ekit_motion_text_title ekit_animation ekit_no_spilit \" data-ekit-animation-delay-s=\"10\" data-animate-class=\"ekit-FadeInLeft\"><span class=\"ekit_motion_text\" data-ekit-animation-delay=\"\">SOLUCIONES PARA PAREDES<\/span>\t\t\t\t<\/h4>\t\t\t\t\t\t\t\t\t<\/div>\n\t\t<\/div>\n\n\t\t<\/div>\t\t\t\t<\/div>\n\t\t\t\t<\/div>\n\t\t\t\t<\/div>\n\t\t\t\t<div class=\"elementor-element elementor-element-cfc84d6 elementor-widget__width-inherit elementor-invisible elementor-widget elementor-widget-elementskit-flip-box\" data-id=\"cfc84d6\" data-element_type=\"widget\" data-e-type=\"widget\" data-settings=\"{&quot;_animation&quot;:&quot;fadeIn&quot;,&quot;_animation_delay&quot;:200}\" data-widget_type=\"elementskit-flip-box.default\">\n\t\t\t\t<div class=\"elementor-widget-container\">\n\t\t\t\t\t<div class=\"ekit-wid-con\" >        <div class=\"ekit-flip-box  box_hover fade_style\">\n            <div class=\"ekit-flip-box-inner\">\n                <div class=\"ekit-flip-box-front \">\n                    <div class=\"ekit-flip-box-inner-wrap\">\n                                            <\/div>\n                <\/div>\n                <div class=\"ekit-flip-box-back \">\n                    <div class=\"ekit-flip-box-inner-wrap wrap-back\">\n                        <div class=\"ekit-flip-box-back-wrap\">\n                                                            <h5 class=\"ekit-flip-box-back-sub-title\">Pensadas para brindar resistencia y flexibilidad en el dise\u00f1o.<\/h5>\n                                                            <p class=\"ekit-flip-box-back-description\">Una opci\u00f3n perfecta para entornos profesionales. <\/p>\n                                                    <\/div>\n                    <\/div>\n                <\/div>\n            <\/div>\n        <\/div>\n        <\/div>\t\t\t\t<\/div>\n\t\t\t\t<\/div>\n\t\t\t\t<\/a>\n\t\t<a class=\"elementor-element elementor-element-5c89169 e-con-full e-flex elementor-invisible e-con e-child\" data-id=\"5c89169\" data-element_type=\"container\" data-e-type=\"container\" data-settings=\"{&quot;background_background&quot;:&quot;classic&quot;,&quot;animation&quot;:&quot;fadeIn&quot;,&quot;animation_delay&quot;:500}\" href=\"https:\/\/polyvision.com\/es\/productos\/colecciones-productos\/divisores-espacios\/\">\n\t\t<div class=\"elementor-element elementor-element-db2b7e7 e-con-full e-flex e-con e-child\" data-id=\"db2b7e7\" data-element_type=\"container\" data-e-type=\"container\" data-settings=\"{&quot;background_background&quot;:&quot;classic&quot;}\">\n\t\t\t\t<div class=\"elementor-element elementor-element-04dac10 elementor-widget elementor-widget-elementskit-motion-text\" data-id=\"04dac10\" data-element_type=\"widget\" data-e-type=\"widget\" data-widget_type=\"elementskit-motion-text.default\">\n\t\t\t\t<div class=\"elementor-widget-container\">\n\t\t\t\t\t<div class=\"ekit-wid-con\" >\t\t<div class=\"elementskit_motion_text_wraper\">\n\t\t\t\t\t\t<div class=\"ekit_motion_text_inner_wraper \" >\n\t\t\t<h4 class=\"ekit_motion_text_title ekit_animation ekit_no_spilit \" data-ekit-animation-delay-s=\"10\" data-animate-class=\"ekit-FadeInLeft\"><span class=\"ekit_motion_text\" data-ekit-animation-delay=\"\">DIVISORES DE ESPACIOS<\/span>\t\t\t\t<\/h4>\t\t\t\t\t\t\t\t\t<\/div>\n\t\t<\/div>\n\n\t\t<\/div>\t\t\t\t<\/div>\n\t\t\t\t<\/div>\n\t\t\t\t<\/div>\n\t\t\t\t<div class=\"elementor-element elementor-element-f6ddb8f elementor-widget__width-inherit elementor-invisible elementor-widget elementor-widget-elementskit-flip-box\" data-id=\"f6ddb8f\" data-element_type=\"widget\" data-e-type=\"widget\" data-settings=\"{&quot;_animation&quot;:&quot;fadeIn&quot;,&quot;_animation_delay&quot;:200}\" data-widget_type=\"elementskit-flip-box.default\">\n\t\t\t\t<div class=\"elementor-widget-container\">\n\t\t\t\t\t<div class=\"ekit-wid-con\" >        <div class=\"ekit-flip-box  box_hover fade_style\">\n            <div class=\"ekit-flip-box-inner\">\n                <div class=\"ekit-flip-box-front \">\n                    <div class=\"ekit-flip-box-inner-wrap\">\n                                            <\/div>\n                <\/div>\n                <div class=\"ekit-flip-box-back \">\n                    <div class=\"ekit-flip-box-inner-wrap wrap-back\">\n                        <div class=\"ekit-flip-box-back-wrap\">\n                                                            <h5 class=\"ekit-flip-box-back-sub-title\">Vers\u00e1tiles y con estilo, ideales para entornos de oficina din\u00e1micos.<\/h5>\n                                                            <p class=\"ekit-flip-box-back-description\">Personalizables, se adaptan a las necesidades de dise\u00f1o y funcionalidad de cualquier espacio.<\/p>\n                                                    <\/div>\n                    <\/div>\n                <\/div>\n            <\/div>\n        <\/div>\n        <\/div>\t\t\t\t<\/div>\n\t\t\t\t<\/div>\n\t\t\t\t<\/a>\n\t\t<a class=\"elementor-element elementor-element-739d307 e-con-full e-flex elementor-invisible e-con e-child\" data-id=\"739d307\" data-element_type=\"container\" data-e-type=\"container\" data-settings=\"{&quot;background_background&quot;:&quot;classic&quot;,&quot;animation&quot;:&quot;fadeIn&quot;,&quot;animation_delay&quot;:600}\" href=\"https:\/\/polyvision.com\/es\/productos\/colecciones-productos\/toolbar\/\">\n\t\t<div class=\"elementor-element elementor-element-ba92a06 e-con-full e-flex e-con e-child\" data-id=\"ba92a06\" data-element_type=\"container\" data-e-type=\"container\" data-settings=\"{&quot;background_background&quot;:&quot;classic&quot;}\">\n\t\t\t\t<div class=\"elementor-element elementor-element-b68f20f elementor-widget elementor-widget-elementskit-motion-text\" data-id=\"b68f20f\" data-element_type=\"widget\" data-e-type=\"widget\" data-widget_type=\"elementskit-motion-text.default\">\n\t\t\t\t<div class=\"elementor-widget-container\">\n\t\t\t\t\t<div class=\"ekit-wid-con\" >\t\t<div class=\"elementskit_motion_text_wraper\">\n\t\t\t\t\t\t<div class=\"ekit_motion_text_inner_wraper \" >\n\t\t\t<h4 class=\"ekit_motion_text_title ekit_animation ekit_no_spilit \" data-ekit-animation-delay-s=\"10\" data-animate-class=\"ekit-FadeInLeft\"><span class=\"ekit_motion_text\" data-ekit-animation-delay=\"\">TOOLBAR<\/span>\t\t\t\t<\/h4>\t\t\t\t\t\t\t\t\t<\/div>\n\t\t<\/div>\n\n\t\t<\/div>\t\t\t\t<\/div>\n\t\t\t\t<\/div>\n\t\t\t\t<\/div>\n\t\t\t\t<div class=\"elementor-element elementor-element-894d227 elementor-widget__width-inherit elementor-invisible elementor-widget elementor-widget-elementskit-flip-box\" data-id=\"894d227\" data-element_type=\"widget\" data-e-type=\"widget\" data-settings=\"{&quot;_animation&quot;:&quot;fadeIn&quot;,&quot;_animation_delay&quot;:200}\" data-widget_type=\"elementskit-flip-box.default\">\n\t\t\t\t<div class=\"elementor-widget-container\">\n\t\t\t\t\t<div class=\"ekit-wid-con\" >        <div class=\"ekit-flip-box  box_hover fade_style\">\n            <div class=\"ekit-flip-box-inner\">\n                <div class=\"ekit-flip-box-front \">\n                    <div class=\"ekit-flip-box-inner-wrap\">\n                                            <\/div>\n                <\/div>\n                <div class=\"ekit-flip-box-back \">\n                    <div class=\"ekit-flip-box-inner-wrap wrap-back\">\n                        <div class=\"ekit-flip-box-back-wrap\">\n                                                            <h5 class=\"ekit-flip-box-back-sub-title\">M\u00e1xima eficiencia con accesorios de dise\u00f1o para cualquier espacio de trabajo.<\/h5>\n                                                            <p class=\"ekit-flip-box-back-description\">Una soluci\u00f3n pr\u00e1ctica que fusiona estilo y funcionalidad.<\/p>\n                                                    <\/div>\n                    <\/div>\n                <\/div>\n            <\/div>\n        <\/div>\n        <\/div>\t\t\t\t<\/div>\n\t\t\t\t<\/div>\n\t\t\t\t<\/a>\n\t\t<div class=\"elementor-element elementor-element-b7df65e e-con-full e-flex e-con e-child\" data-id=\"b7df65e\" data-element_type=\"container\" data-e-type=\"container\">\n\t\t<div class=\"elementor-element elementor-element-31d8a57 e-con-full e-flex elementor-invisible e-con e-child\" data-id=\"31d8a57\" data-element_type=\"container\" data-e-type=\"container\" data-settings=\"{&quot;animation&quot;:&quot;fadeIn&quot;,&quot;animation_delay&quot;:700}\">\n\t\t\t\t<div class=\"elementor-element elementor-element-9955a71 elementor--h-position-center elementor--v-position-middle elementor-widget elementor-widget-slides\" data-id=\"9955a71\" data-element_type=\"widget\" data-e-type=\"widget\" data-settings=\"{&quot;navigation&quot;:&quot;none&quot;,&quot;autoplay&quot;:&quot;yes&quot;,&quot;autoplay_speed&quot;:5000,&quot;infinite&quot;:&quot;yes&quot;,&quot;transition&quot;:&quot;slide&quot;,&quot;transition_speed&quot;:500}\" data-widget_type=\"slides.default\">\n\t\t\t\t<div class=\"elementor-widget-container\">\n\t\t\t\t\t\t\t\t\t<div class=\"elementor-swiper\">\n\t\t\t\t\t<div class=\"elementor-slides-wrapper elementor-main-swiper swiper\" role=\"region\" aria-roledescription=\"carousel\" aria-label=\"Slides\" dir=\"ltr\" data-animation=\"fadeInUp\">\n\t\t\t\t<div class=\"swiper-wrapper elementor-slides\">\n\t\t\t\t\t\t\t\t\t\t<div class=\"elementor-repeater-item-07845e9 swiper-slide\" role=\"group\" aria-roledescription=\"slide\"><div class=\"swiper-slide-bg\" role=\"img\" aria-label=\"S8\"><\/div><div class=\"swiper-slide-inner\" ><div class=\"swiper-slide-contents\"><\/div><\/div><\/div><div class=\"elementor-repeater-item-e97d5f8 swiper-slide\" role=\"group\" aria-roledescription=\"slide\"><div class=\"swiper-slide-bg\" role=\"img\" aria-label=\"S9\"><\/div><div class=\"swiper-slide-inner\" ><div class=\"swiper-slide-contents\"><\/div><\/div><\/div><div class=\"elementor-repeater-item-60d15d1 swiper-slide\" role=\"group\" aria-roledescription=\"slide\"><div class=\"swiper-slide-bg\" role=\"img\" aria-label=\"Chalkboard, coil line, chalkboard surface\"><\/div><div class=\"swiper-slide-inner\" ><div class=\"swiper-slide-contents\"><\/div><\/div><\/div><div class=\"elementor-repeater-item-bfc0a57 swiper-slide\" role=\"group\" aria-roledescription=\"slide\"><div class=\"swiper-slide-bg\" role=\"img\" aria-label=\"whiteboard_custom\"><\/div><div class=\"swiper-slide-inner\" ><div class=\"swiper-slide-contents\"><\/div><\/div><\/div>\t\t\t\t<\/div>\n\t\t\t\t\t\t\t\t\t\t\t\t\t\t\t\t\t\t\t\t\t<\/div>\n\t\t\t\t<\/div>\n\t\t\t\t\t\t\t\t<\/div>\n\t\t\t\t<\/div>\n\t\t\t\t<\/div>\n\t\t<div class=\"elementor-element elementor-element-db28edd e-con-full e-flex e-con e-child\" data-id=\"db28edd\" data-element_type=\"container\" data-e-type=\"container\" data-settings=\"{&quot;animation&quot;:&quot;none&quot;,&quot;animation_delay&quot;:800}\">\n\t\t<div class=\"elementor-element elementor-element-1b69370 e-con-full e-flex elementor-invisible e-con e-child\" data-id=\"1b69370\" data-element_type=\"container\" data-e-type=\"container\" data-settings=\"{&quot;background_background&quot;:&quot;classic&quot;,&quot;animation&quot;:&quot;fadeIn&quot;,&quot;animation_delay&quot;:800}\">\n\t\t\t\t<div class=\"elementor-element elementor-element-c1f5e33 ekit-equal-height-enable elementor-widget elementor-widget-elementskit-icon-box\" data-id=\"c1f5e33\" data-element_type=\"widget\" data-e-type=\"widget\" data-widget_type=\"elementskit-icon-box.default\">\n\t\t\t\t<div class=\"elementor-widget-container\">\n\t\t\t\t\t<div class=\"ekit-wid-con\" >        <!-- link opening -->\n                <a href=\"https:\/\/polyvision.com\/resources\/projects\/\" class=\"ekit_global_links\">\n                <!-- end link opening -->\n\n        <div class=\"elementskit-infobox text-left text-left icon-lef-right-aligin elementor-animation- media  \">\n                    <div class=\"elementskit-box-header elementor-animation-\">\n                <div class=\"elementskit-info-box-icon  text-center\">\n                    <i aria-hidden=\"true\" class=\"elementkit-infobox-icon icon icon-arrow-right\"><\/i>\n                <\/div>\n          <\/div>\n                        <div class=\"box-body\">\n                            <div class=\"elementskit-info-box-title\">\n                    PROYECTOS                <\/div>\n                                            <\/div>\n        \n        \n                <\/div>\n                <\/a>\n        <\/div>\t\t\t\t<\/div>\n\t\t\t\t<\/div>\n\t\t\t\t<\/div>\n\t\t<div class=\"elementor-element elementor-element-4dd8eeb my-custom-button_2 e-con-full e-flex elementor-invisible e-con e-child\" data-id=\"4dd8eeb\" data-element_type=\"container\" data-e-type=\"container\" data-settings=\"{&quot;animation&quot;:&quot;fadeIn&quot;,&quot;animation_delay&quot;:900}\">\n\t\t\t\t<div class=\"elementor-element elementor-element-a8e08af ekit-equal-height-enable elementor-widget elementor-widget-elementskit-icon-box\" data-id=\"a8e08af\" data-element_type=\"widget\" data-e-type=\"widget\" data-widget_type=\"elementskit-icon-box.default\">\n\t\t\t\t<div class=\"elementor-widget-container\">\n\t\t\t\t\t<div class=\"ekit-wid-con\" >        <!-- link opening -->\n                <a href=\"https:\/\/polyvision.com\/resources\/samples\/\" class=\"ekit_global_links\">\n                <!-- end link opening -->\n\n        <div class=\"elementskit-infobox text-left text-left icon-lef-right-aligin elementor-animation- media  \">\n                    <div class=\"elementskit-box-header elementor-animation-\">\n                <div class=\"elementskit-info-box-icon  text-center\">\n                    <i aria-hidden=\"true\" class=\"elementkit-infobox-icon icon icon-arrow-right\"><\/i>\n                <\/div>\n          <\/div>\n                        <div class=\"box-body\">\n                            <div class=\"elementskit-info-box-title\">\n                    MUESTRAS                <\/div>\n                                            <\/div>\n        \n        \n                <\/div>\n                <\/a>\n        <\/div>\t\t\t\t<\/div>\n\t\t\t\t<\/div>\n\t\t\t\t<\/div>\n\t\t\t\t<\/div>\n\t\t\t\t<\/div>\n\t\t\t\t\t<\/div>\n\t\t\t\t<\/div>\n\t\t\t\t<\/div>\n\t\t","protected":false},"excerpt":{"rendered":"<p>Colecciones de productos Home Nuestros productos de CeramicSteel son el m\u00e1ximo ejemplo de elegancia, atractivo visual y resistencia. Pensados para adaptarse a las necesidades de espacios educativos, profesionales y arquitect\u00f3nicos, cada uno de nuestros productos representa la innovaci\u00f3n, con un dise\u00f1o que inspira y resiste. Nuestra colecci\u00f3n incluye una gran variedad de piezas \u00fanicas que &hellip;<\/p>\n","protected":false},"author":4,"featured_media":0,"parent":33390,"menu_order":5,"comment_status":"closed","ping_status":"closed","template":"elementor_header_footer","meta":{"_acf_changed":false,"_genesis_block_theme_hide_title":false,"iawp_total_views":1214,"footnotes":""},"class_list":["post-35587","page","type-page","status-publish","hentry","post","without-featured-image"],"acf":[],"_links":{"self":[{"href":"https:\/\/polyvision.com\/es\/wp-json\/wp\/v2\/pages\/35587","targetHints":{"allow":["GET"]}}],"collection":[{"href":"https:\/\/polyvision.com\/es\/wp-json\/wp\/v2\/pages"}],"about":[{"href":"https:\/\/polyvision.com\/es\/wp-json\/wp\/v2\/types\/page"}],"author":[{"embeddable":true,"href":"https:\/\/polyvision.com\/es\/wp-json\/wp\/v2\/users\/4"}],"replies":[{"embeddable":true,"href":"https:\/\/polyvision.com\/es\/wp-json\/wp\/v2\/comments?post=35587"}],"version-history":[{"count":4,"href":"https:\/\/polyvision.com\/es\/wp-json\/wp\/v2\/pages\/35587\/revisions"}],"predecessor-version":[{"id":44047,"href":"https:\/\/polyvision.com\/es\/wp-json\/wp\/v2\/pages\/35587\/revisions\/44047"}],"up":[{"embeddable":true,"href":"https:\/\/polyvision.com\/es\/wp-json\/wp\/v2\/pages\/33390"}],"wp:attachment":[{"href":"https:\/\/polyvision.com\/es\/wp-json\/wp\/v2\/media?parent=35587"}],"curies":[{"name":"wp","href":"https:\/\/api.w.org\/{rel}","templated":true}]}}