{"id":33390,"date":"2023-11-17T04:09:55","date_gmt":"2023-11-17T09:09:55","guid":{"rendered":"https:\/\/polyvision.com\/products\/"},"modified":"2025-09-19T04:48:10","modified_gmt":"2025-09-19T08:48:10","slug":"productos","status":"publish","type":"page","link":"https:\/\/polyvision.com\/es\/productos\/","title":{"rendered":"PRODUCTOS"},"content":{"rendered":"\t\t<div data-elementor-type=\"wp-page\" data-elementor-id=\"33390\" class=\"elementor elementor-33390 elementor-285\" data-elementor-post-type=\"page\">\n\t\t\t\t<div class=\"elementor-element elementor-element-5af8988d e-flex e-con-boxed elementor-invisible e-con e-parent\" data-id=\"5af8988d\" data-element_type=\"container\" data-e-type=\"container\" data-settings=\"{&quot;background_background&quot;:&quot;classic&quot;,&quot;animation&quot;:&quot;fadeIn&quot;,&quot;animation_delay&quot;:200}\">\n\t\t\t\t\t<div class=\"e-con-inner\">\n\t\t<div class=\"elementor-element elementor-element-da2d0c9 e-con-full e-flex e-con e-child\" data-id=\"da2d0c9\" data-element_type=\"container\" data-e-type=\"container\">\n\t\t<div class=\"elementor-element elementor-element-899646b e-con-full e-flex e-con e-child\" data-id=\"899646b\" data-element_type=\"container\" data-e-type=\"container\">\n\t\t\t\t<div class=\"elementor-element elementor-element-24ef065 elementor-widget elementor-widget-heading\" data-id=\"24ef065\" data-element_type=\"widget\" data-e-type=\"widget\" data-widget_type=\"heading.default\">\n\t\t\t\t<div class=\"elementor-widget-container\">\n\t\t\t\t\t<h1 class=\"elementor-heading-title elementor-size-xxl\">\u00bfQu\u00e9 es CeramicSteel?<\/h1>\t\t\t\t<\/div>\n\t\t\t\t<\/div>\n\t\t\t\t<\/div>\n\t\t<div class=\"elementor-element elementor-element-f0882bb e-con-full e-flex e-con e-child\" data-id=\"f0882bb\" data-element_type=\"container\" data-e-type=\"container\">\n\t\t\t\t<div class=\"elementor-element elementor-element-63b01a4 elementor-position-inline-end elementor-mobile-position-inline-end elementor-view-default elementor-widget elementor-widget-icon-box\" data-id=\"63b01a4\" data-element_type=\"widget\" data-e-type=\"widget\" data-widget_type=\"icon-box.default\">\n\t\t\t\t<div class=\"elementor-widget-container\">\n\t\t\t\t\t\t\t<div class=\"elementor-icon-box-wrapper\">\n\n\t\t\t\t\t\t<div class=\"elementor-icon-box-icon\">\n\t\t\t\t<a href=\"https:\/\/polyvision.com\/es\/productos\/ceramicsteel\/\" class=\"elementor-icon\" tabindex=\"-1\" aria-label=\"SABER M\u00c1S\">\n\t\t\t\t<i aria-hidden=\"true\" class=\"icon icon-arrow-right\"><\/i>\t\t\t\t<\/a>\n\t\t\t<\/div>\n\t\t\t\n\t\t\t\t\t\t<div class=\"elementor-icon-box-content\">\n\n\t\t\t\t\t\t\t\t\t<h3 class=\"elementor-icon-box-title\">\n\t\t\t\t\t\t<a href=\"https:\/\/polyvision.com\/es\/productos\/ceramicsteel\/\" >\n\t\t\t\t\t\t\tSABER M\u00c1S\t\t\t\t\t\t<\/a>\n\t\t\t\t\t<\/h3>\n\t\t\t\t\n\t\t\t\t\n\t\t\t<\/div>\n\t\t\t\n\t\t<\/div>\n\t\t\t\t\t\t<\/div>\n\t\t\t\t<\/div>\n\t\t\t\t<\/div>\n\t\t\t\t<\/div>\n\t\t<div class=\"elementor-element elementor-element-41aa5ee e-con-full e-flex e-con e-child\" data-id=\"41aa5ee\" data-element_type=\"container\" data-e-type=\"container\">\n\t\t<div class=\"elementor-element elementor-element-6da41e0 e-con-full e-flex e-con e-child\" data-id=\"6da41e0\" data-element_type=\"container\" data-e-type=\"container\">\n\t\t\t\t<div class=\"elementor-element elementor-element-b103273 elementor-widget-divider--view-line_icon elementor-widget-divider--element-align-left elementor-widget-divider--separator-type-pattern elementor-view-default elementor-widget elementor-widget-divider\" data-id=\"b103273\" data-element_type=\"widget\" data-e-type=\"widget\" data-widget_type=\"divider.default\">\n\t\t\t\t<div class=\"elementor-widget-container\">\n\t\t\t\t\t\t\t<div class=\"elementor-divider\" style=\"--divider-pattern-url: url(&quot;data:image\/svg+xml,%3Csvg xmlns=&#039;http:\/\/www.w3.org\/2000\/svg&#039; preserveAspectRatio=&#039;none&#039; overflow=&#039;visible&#039; height=&#039;100%&#039; viewBox=&#039;0 0 20 16&#039; fill=&#039;none&#039; stroke=&#039;black&#039; stroke-width=&#039;1&#039; stroke-linecap=&#039;square&#039; stroke-miterlimit=&#039;10&#039;%3E%3Cg transform=&#039;translate(-12.000000, 0)&#039;%3E%3Cpath d=&#039;M28,0L10,18&#039;\/%3E%3Cpath d=&#039;M18,0L0,18&#039;\/%3E%3Cpath d=&#039;M48,0L30,18&#039;\/%3E%3Cpath d=&#039;M38,0L20,18&#039;\/%3E%3C\/g%3E%3C\/svg%3E&quot;);\">\n\t\t\t<span class=\"elementor-divider-separator\">\n\t\t\t\t\t\t\t<div class=\"elementor-icon elementor-divider__element\">\n\t\t\t\t\t<\/div>\n\t\t\t\t\t\t<\/span>\n\t\t<\/div>\n\t\t\t\t\t\t<\/div>\n\t\t\t\t<\/div>\n\t\t\t\t<\/div>\n\t\t\t\t<div class=\"elementor-element elementor-element-5600a91 elementor-widget-divider--view-line elementor-widget elementor-widget-divider\" data-id=\"5600a91\" data-element_type=\"widget\" data-e-type=\"widget\" data-widget_type=\"divider.default\">\n\t\t\t\t<div class=\"elementor-widget-container\">\n\t\t\t\t\t\t\t<div class=\"elementor-divider\">\n\t\t\t<span class=\"elementor-divider-separator\">\n\t\t\t\t\t\t<\/span>\n\t\t<\/div>\n\t\t\t\t\t\t<\/div>\n\t\t\t\t<\/div>\n\t\t<div class=\"elementor-element elementor-element-00da89c e-con-full e-flex e-con e-child\" data-id=\"00da89c\" data-element_type=\"container\" data-e-type=\"container\">\n\t\t\t\t<div class=\"elementor-element elementor-element-f90dbd5 elementor-widget elementor-widget-elementskit-breadcrumb\" data-id=\"f90dbd5\" data-element_type=\"widget\" data-e-type=\"widget\" data-widget_type=\"elementskit-breadcrumb.default\">\n\t\t\t\t<div class=\"elementor-widget-container\">\n\t\t\t\t\t<div class=\"ekit-wid-con\" ><ol class=\"ekit-breadcrumb\"><li class=\"ekit_breadcrumbs_start\"><span class=\"ekit_home_icon\"> <i class=\"fas fa-home\"><\/i> <\/span><a href=\"https:\/\/polyvision.com\/es\/\">Home<\/a><\/li> <li class=\"brd_sep\"><span class=\"separate_icon\"><i class=\"icon icon-right-arrow1\"><\/i><\/span><\/li>  <li>PRODUCTOS<\/li><\/ol><\/div>\t\t\t\t<\/div>\n\t\t\t\t<\/div>\n\t\t\t\t<\/div>\n\t\t\t\t<\/div>\n\t\t\t\t\t<\/div>\n\t\t\t\t<\/div>\n\t\t<div class=\"elementor-element elementor-element-1d0885fc e-flex e-con-boxed e-con e-parent\" data-id=\"1d0885fc\" data-element_type=\"container\" data-e-type=\"container\" data-settings=\"{&quot;background_background&quot;:&quot;classic&quot;}\">\n\t\t\t\t\t<div class=\"e-con-inner\">\n\t\t<div class=\"elementor-element elementor-element-8d3ea92 e-flex e-con-boxed e-con e-child\" data-id=\"8d3ea92\" data-element_type=\"container\" data-e-type=\"container\">\n\t\t\t\t\t<div class=\"e-con-inner\">\n\t\t<div class=\"elementor-element elementor-element-59ea468 e-flex e-con-boxed e-con e-child\" data-id=\"59ea468\" data-element_type=\"container\" data-e-type=\"container\">\n\t\t\t\t\t<div class=\"e-con-inner\">\n\t\t<a class=\"elementor-element elementor-element-4741345 e-con-full e-flex elementor-invisible e-con e-child\" data-id=\"4741345\" data-element_type=\"container\" data-e-type=\"container\" data-settings=\"{&quot;background_background&quot;:&quot;classic&quot;,&quot;animation&quot;:&quot;fadeIn&quot;,&quot;animation_delay&quot;:300}\" href=\"https:\/\/polyvision.com\/es\/productos\/rollos\/\">\n\t\t<div class=\"elementor-element elementor-element-efff8af e-con-full e-flex e-con e-child\" data-id=\"efff8af\" data-element_type=\"container\" data-e-type=\"container\" data-settings=\"{&quot;background_background&quot;:&quot;classic&quot;}\">\n\t\t\t\t<div class=\"elementor-element elementor-element-f5f767d elementor-widget elementor-widget-elementskit-motion-text\" data-id=\"f5f767d\" data-element_type=\"widget\" data-e-type=\"widget\" data-widget_type=\"elementskit-motion-text.default\">\n\t\t\t\t<div class=\"elementor-widget-container\">\n\t\t\t\t\t<div class=\"ekit-wid-con\" >\t\t<div class=\"elementskit_motion_text_wraper\">\n\t\t\t\t\t\t<div class=\"ekit_motion_text_inner_wraper \" >\n\t\t\t<h2 class=\"ekit_motion_text_title ekit_animation ekit_no_spilit \" data-ekit-animation-delay-s=\"10\" data-animate-class=\"ekit-FadeInLeft\"><span class=\"ekit_motion_text\" data-ekit-animation-delay=\"\">ROLLOS<\/span>\t\t\t\t<\/h2>\t\t\t\t\t\t\t\t\t<\/div>\n\t\t<\/div>\n\n\t\t<\/div>\t\t\t\t<\/div>\n\t\t\t\t<\/div>\n\t\t\t\t<\/div>\n\t\t\t\t<div class=\"elementor-element elementor-element-cef8d79 elementor-widget__width-inherit ekit-cursor-enabled-yes elementor-invisible elementor-widget elementor-widget-elementskit-flip-box\" data-id=\"cef8d79\" data-element_type=\"widget\" data-e-type=\"widget\" data-settings=\"{&quot;_animation&quot;:&quot;fadeIn&quot;,&quot;_animation_delay&quot;:200,&quot;ekit_cursor_show&quot;:&quot;yes&quot;,&quot;ekit_cursor_type&quot;:&quot;icon&quot;,&quot;ekit_cursor_icons&quot;:{&quot;value&quot;:{&quot;url&quot;:&quot;https:\\\/\\\/polyvision.com\\\/wp-content\\\/uploads\\\/2023\\\/12\\\/Polyvision_Logo_Light_2024_flower.svg&quot;,&quot;id&quot;:604},&quot;library&quot;:&quot;svg&quot;}}\" data-widget_type=\"elementskit-flip-box.default\">\n\t\t\t\t<div class=\"elementor-widget-container\">\n\t\t\t\t\t<div class=\"ekit-wid-con\" >        <div class=\"ekit-flip-box  box_hover fade_style\">\n            <div class=\"ekit-flip-box-inner\">\n                <div class=\"ekit-flip-box-front \">\n                    <div class=\"ekit-flip-box-inner-wrap\">\n                                            <\/div>\n                <\/div>\n                <div class=\"ekit-flip-box-back \">\n                    <div class=\"ekit-flip-box-inner-wrap wrap-back\">\n                        <div class=\"ekit-flip-box-back-wrap\">\n                                                            <p class=\"ekit-flip-box-back-description\">Descubra c\u00f3mo los rollos de CeramicSteel pueden potenciar su dise\u00f1o, producto y espacio.<\/p>\n                                                    <\/div>\n                    <\/div>\n                <\/div>\n            <\/div>\n        <\/div>\n        <\/div>\t\t\t\t<\/div>\n\t\t\t\t<\/div>\n\t\t\t\t<\/a>\n\t\t<a class=\"elementor-element elementor-element-4924b00 e-con-full e-flex elementor-invisible e-con e-child\" data-id=\"4924b00\" data-element_type=\"container\" data-e-type=\"container\" data-settings=\"{&quot;animation&quot;:&quot;fadeIn&quot;,&quot;animation_delay&quot;:400}\" href=\"https:\/\/polyvision.com\/es\/productos\/laminas\/\">\n\t\t<div class=\"elementor-element elementor-element-c654d78 e-con-full e-flex e-con e-child\" data-id=\"c654d78\" data-element_type=\"container\" data-e-type=\"container\" data-settings=\"{&quot;background_background&quot;:&quot;classic&quot;}\">\n\t\t\t\t<div class=\"elementor-element elementor-element-c7b18c8 elementor-widget elementor-widget-elementskit-motion-text\" data-id=\"c7b18c8\" data-element_type=\"widget\" data-e-type=\"widget\" data-widget_type=\"elementskit-motion-text.default\">\n\t\t\t\t<div class=\"elementor-widget-container\">\n\t\t\t\t\t<div class=\"ekit-wid-con\" >\t\t<div class=\"elementskit_motion_text_wraper\">\n\t\t\t\t\t\t<div class=\"ekit_motion_text_inner_wraper \" >\n\t\t\t<h2 class=\"ekit_motion_text_title ekit_animation ekit_no_spilit \" data-ekit-animation-delay-s=\"10\" data-animate-class=\"ekit-FadeInLeft\"><span class=\"ekit_motion_text\" data-ekit-animation-delay=\"\">L\u00c1MINAS<\/span>\t\t\t\t<\/h2>\t\t\t\t\t\t\t\t\t<\/div>\n\t\t<\/div>\n\n\t\t<\/div>\t\t\t\t<\/div>\n\t\t\t\t<\/div>\n\t\t\t\t<\/div>\n\t\t\t\t<div class=\"elementor-element elementor-element-ce09ae1 elementor-widget__width-inherit ekit-cursor-enabled-yes elementor-invisible elementor-widget elementor-widget-elementskit-flip-box\" data-id=\"ce09ae1\" data-element_type=\"widget\" data-e-type=\"widget\" data-settings=\"{&quot;_animation&quot;:&quot;fadeIn&quot;,&quot;_animation_delay&quot;:200,&quot;ekit_cursor_show&quot;:&quot;yes&quot;,&quot;ekit_cursor_type&quot;:&quot;icon&quot;,&quot;ekit_cursor_icons&quot;:{&quot;value&quot;:{&quot;url&quot;:&quot;https:\\\/\\\/polyvision.com\\\/wp-content\\\/uploads\\\/2023\\\/12\\\/Polyvision_Logo_Light_2024_flower.svg&quot;,&quot;id&quot;:604},&quot;library&quot;:&quot;svg&quot;}}\" data-widget_type=\"elementskit-flip-box.default\">\n\t\t\t\t<div class=\"elementor-widget-container\">\n\t\t\t\t\t<div class=\"ekit-wid-con\" >        <div class=\"ekit-flip-box  box_hover fade_style\">\n            <div class=\"ekit-flip-box-inner\">\n                <div class=\"ekit-flip-box-front \">\n                    <div class=\"ekit-flip-box-inner-wrap\">\n                                            <\/div>\n                <\/div>\n                <div class=\"ekit-flip-box-back \">\n                    <div class=\"ekit-flip-box-inner-wrap wrap-back\">\n                        <div class=\"ekit-flip-box-back-wrap\">\n                                                            <p class=\"ekit-flip-box-back-description\">Nuestras l\u00e1minas de CeramicSteel transforman cualquier espacio.<\/p>\n                                                    <\/div>\n                    <\/div>\n                <\/div>\n            <\/div>\n        <\/div>\n        <\/div>\t\t\t\t<\/div>\n\t\t\t\t<\/div>\n\t\t\t\t<\/a>\n\t\t<a class=\"elementor-element elementor-element-3dcb90a e-con-full e-flex elementor-invisible e-con e-child\" data-id=\"3dcb90a\" data-element_type=\"container\" data-e-type=\"container\" data-settings=\"{&quot;animation&quot;:&quot;fadeIn&quot;,&quot;animation_delay&quot;:500}\" href=\"https:\/\/polyvision.com\/es\/productos\/paneles\/\">\n\t\t<div class=\"elementor-element elementor-element-dd4c27a e-con-full e-flex e-con e-child\" data-id=\"dd4c27a\" data-element_type=\"container\" data-e-type=\"container\" data-settings=\"{&quot;background_background&quot;:&quot;classic&quot;}\">\n\t\t\t\t<div class=\"elementor-element elementor-element-0f27a8e elementor-widget elementor-widget-elementskit-motion-text\" data-id=\"0f27a8e\" data-element_type=\"widget\" data-e-type=\"widget\" data-widget_type=\"elementskit-motion-text.default\">\n\t\t\t\t<div class=\"elementor-widget-container\">\n\t\t\t\t\t<div class=\"ekit-wid-con\" >\t\t<div class=\"elementskit_motion_text_wraper\">\n\t\t\t\t\t\t<div class=\"ekit_motion_text_inner_wraper \" >\n\t\t\t<h2 class=\"ekit_motion_text_title ekit_animation ekit_no_spilit \" data-ekit-animation-delay-s=\"10\" data-animate-class=\"ekit-FadeInLeft\"><span class=\"ekit_motion_text\" data-ekit-animation-delay=\"\">PANELES<\/span>\t\t\t\t<\/h2>\t\t\t\t\t\t\t\t\t<\/div>\n\t\t<\/div>\n\n\t\t<\/div>\t\t\t\t<\/div>\n\t\t\t\t<\/div>\n\t\t\t\t<\/div>\n\t\t\t\t<div class=\"elementor-element elementor-element-dd80bb2 elementor-widget__width-inherit ekit-cursor-enabled-yes elementor-invisible elementor-widget elementor-widget-elementskit-flip-box\" data-id=\"dd80bb2\" data-element_type=\"widget\" data-e-type=\"widget\" data-settings=\"{&quot;_animation&quot;:&quot;fadeIn&quot;,&quot;_animation_delay&quot;:200,&quot;ekit_cursor_show&quot;:&quot;yes&quot;,&quot;ekit_cursor_type&quot;:&quot;icon&quot;,&quot;ekit_cursor_icons&quot;:{&quot;value&quot;:{&quot;url&quot;:&quot;https:\\\/\\\/polyvision.com\\\/wp-content\\\/uploads\\\/2023\\\/12\\\/Polyvision_Logo_Light_2024_flower.svg&quot;,&quot;id&quot;:604},&quot;library&quot;:&quot;svg&quot;}}\" data-widget_type=\"elementskit-flip-box.default\">\n\t\t\t\t<div class=\"elementor-widget-container\">\n\t\t\t\t\t<div class=\"ekit-wid-con\" >        <div class=\"ekit-flip-box  box_hover fade_style\">\n            <div class=\"ekit-flip-box-inner\">\n                <div class=\"ekit-flip-box-front \">\n                    <div class=\"ekit-flip-box-inner-wrap\">\n                                            <\/div>\n                <\/div>\n                <div class=\"ekit-flip-box-back \">\n                    <div class=\"ekit-flip-box-inner-wrap wrap-back\">\n                        <div class=\"ekit-flip-box-back-wrap\">\n                                                            <p class=\"ekit-flip-box-back-description\">Explore la versatilidad y durabilidad de los paneles de CeramicSteel de Polyvision.<\/p>\n                                                    <\/div>\n                    <\/div>\n                <\/div>\n            <\/div>\n        <\/div>\n        <\/div>\t\t\t\t<\/div>\n\t\t\t\t<\/div>\n\t\t\t\t<\/a>\n\t\t\t\t\t<\/div>\n\t\t\t\t<\/div>\n\t\t\t\t\t<\/div>\n\t\t\t\t<\/div>\n\t\t\t\t\t<\/div>\n\t\t\t\t<\/div>\n\t\t<div class=\"elementor-element elementor-element-a9254d9 e-flex e-con-boxed e-con e-parent\" data-id=\"a9254d9\" data-element_type=\"container\" data-e-type=\"container\" data-settings=\"{&quot;background_background&quot;:&quot;classic&quot;}\">\n\t\t\t\t\t<div class=\"e-con-inner\">\n\t\t<a class=\"elementor-element elementor-element-4b8ac46 e-con-full e-flex elementor-invisible e-con e-child\" data-id=\"4b8ac46\" data-element_type=\"container\" data-e-type=\"container\" data-settings=\"{&quot;animation&quot;:&quot;fadeIn&quot;,&quot;animation_delay&quot;:600}\" href=\"https:\/\/polyvision.com\/es\/productos\/colecciones-productos\/\">\n\t\t\t\t<div class=\"elementor-element elementor-element-f5bd00d elementor-widget__width-inherit ekit-cursor-enabled-yes elementor-invisible elementor-widget elementor-widget-elementskit-flip-box\" data-id=\"f5bd00d\" data-element_type=\"widget\" data-e-type=\"widget\" data-settings=\"{&quot;_animation&quot;:&quot;fadeIn&quot;,&quot;_animation_delay&quot;:200,&quot;ekit_cursor_show&quot;:&quot;yes&quot;,&quot;ekit_cursor_type&quot;:&quot;icon&quot;,&quot;ekit_cursor_icons&quot;:{&quot;value&quot;:{&quot;url&quot;:&quot;https:\\\/\\\/polyvision.com\\\/wp-content\\\/uploads\\\/2023\\\/12\\\/Polyvision_Logo_Light_2024_flower.svg&quot;,&quot;id&quot;:604},&quot;library&quot;:&quot;svg&quot;}}\" data-widget_type=\"elementskit-flip-box.default\">\n\t\t\t\t<div class=\"elementor-widget-container\">\n\t\t\t\t\t<div class=\"ekit-wid-con\" >        <div class=\"ekit-flip-box  box_hover fade_style\">\n            <div class=\"ekit-flip-box-inner\">\n                <div class=\"ekit-flip-box-front \">\n                    <div class=\"ekit-flip-box-inner-wrap\">\n                                            <\/div>\n                <\/div>\n                <div class=\"ekit-flip-box-back \">\n                    <div class=\"ekit-flip-box-inner-wrap wrap-back\">\n                        <div class=\"ekit-flip-box-back-wrap\">\n                                                            <p class=\"ekit-flip-box-back-description\">Explore nuestras colecciones.<\/p>\n                                                    <\/div>\n                    <\/div>\n                <\/div>\n            <\/div>\n        <\/div>\n        <\/div>\t\t\t\t<\/div>\n\t\t\t\t<\/div>\n\t\t<div class=\"elementor-element elementor-element-eaa9d67 e-con-full e-flex e-con e-child\" data-id=\"eaa9d67\" data-element_type=\"container\" data-e-type=\"container\" data-settings=\"{&quot;background_background&quot;:&quot;classic&quot;}\">\n\t\t\t\t<div class=\"elementor-element elementor-element-9e8c45e elementor-widget elementor-widget-elementskit-motion-text\" data-id=\"9e8c45e\" data-element_type=\"widget\" data-e-type=\"widget\" data-widget_type=\"elementskit-motion-text.default\">\n\t\t\t\t<div class=\"elementor-widget-container\">\n\t\t\t\t\t<div class=\"ekit-wid-con\" >\t\t<div class=\"elementskit_motion_text_wraper\">\n\t\t\t\t\t\t<div class=\"ekit_motion_text_inner_wraper \" >\n\t\t\t<h2 class=\"ekit_motion_text_title ekit_animation ekit_no_spilit \" data-ekit-animation-delay-s=\"10\" data-animate-class=\"ekit-FadeInLeft\"><span class=\"ekit_motion_text\" data-ekit-animation-delay=\"\">COLECCIONES<\/span>\t\t\t\t<\/h2>\t\t\t\t\t\t\t\t\t<\/div>\n\t\t<\/div>\n\n\t\t<\/div>\t\t\t\t<\/div>\n\t\t\t\t<\/div>\n\t\t\t\t<\/div>\n\t\t\t\t<\/a>\n\t\t<div class=\"elementor-element elementor-element-6e313d5 my-custom-button_2 e-con-full e-flex elementor-invisible e-con e-child\" data-id=\"6e313d5\" data-element_type=\"container\" data-e-type=\"container\" data-settings=\"{&quot;animation&quot;:&quot;fadeIn&quot;,&quot;animation_delay&quot;:700}\">\n\t\t\t\t<div class=\"elementor-element elementor-element-b4ca0b7 ekit-equal-height-enable elementor-widget elementor-widget-elementskit-icon-box\" data-id=\"b4ca0b7\" data-element_type=\"widget\" data-e-type=\"widget\" data-widget_type=\"elementskit-icon-box.default\">\n\t\t\t\t<div class=\"elementor-widget-container\">\n\t\t\t\t\t<div class=\"ekit-wid-con\" >        <!-- link opening -->\n                <a href=\"https:\/\/polyvision.com\/contact-sales\/\" class=\"ekit_global_links\">\n                <!-- end link opening -->\n\n        <div class=\"elementskit-infobox text-left text-left icon-lef-right-aligin elementor-animation- media  \">\n                    <div class=\"elementskit-box-header elementor-animation-\">\n                <div class=\"elementskit-info-box-icon  text-center\">\n                    <i aria-hidden=\"true\" class=\"elementkit-infobox-icon icon icon-arrow-right\"><\/i>\n                <\/div>\n          <\/div>\n                        <div class=\"box-body\">\n                            <div class=\"elementskit-info-box-title\">\n                    CONTACTAR A\u00a0VENTAS                <\/div>\n                                            <\/div>\n        \n        \n                <\/div>\n                <\/a>\n        <\/div>\t\t\t\t<\/div>\n\t\t\t\t<\/div>\n\t\t\t\t<\/div>\n\t\t\t\t\t<\/div>\n\t\t\t\t<\/div>\n\t\t\t\t<\/div>\n\t\t","protected":false},"excerpt":{"rendered":"<p>\u00bfQu\u00e9 es CeramicSteel? SABER M\u00c1S Home ROLLOS Descubra c\u00f3mo los rollos de CeramicSteel pueden potenciar su dise\u00f1o, producto y espacio. L\u00c1MINAS Nuestras l\u00e1minas de CeramicSteel transforman cualquier espacio. PANELES Explore la versatilidad y durabilidad de los paneles de CeramicSteel de Polyvision. Explore nuestras colecciones. COLECCIONES CONTACTAR A\u00a0VENTAS<\/p>\n","protected":false},"author":4,"featured_media":0,"parent":0,"menu_order":8,"comment_status":"closed","ping_status":"closed","template":"elementor_header_footer","meta":{"_acf_changed":false,"_genesis_block_theme_hide_title":false,"iawp_total_views":84,"footnotes":""},"class_list":["post-33390","page","type-page","status-publish","hentry","post","without-featured-image"],"acf":[],"_links":{"self":[{"href":"https:\/\/polyvision.com\/es\/wp-json\/wp\/v2\/pages\/33390","targetHints":{"allow":["GET"]}}],"collection":[{"href":"https:\/\/polyvision.com\/es\/wp-json\/wp\/v2\/pages"}],"about":[{"href":"https:\/\/polyvision.com\/es\/wp-json\/wp\/v2\/types\/page"}],"author":[{"embeddable":true,"href":"https:\/\/polyvision.com\/es\/wp-json\/wp\/v2\/users\/4"}],"replies":[{"embeddable":true,"href":"https:\/\/polyvision.com\/es\/wp-json\/wp\/v2\/comments?post=33390"}],"version-history":[{"count":0,"href":"https:\/\/polyvision.com\/es\/wp-json\/wp\/v2\/pages\/33390\/revisions"}],"wp:attachment":[{"href":"https:\/\/polyvision.com\/es\/wp-json\/wp\/v2\/media?parent=33390"}],"curies":[{"name":"wp","href":"https:\/\/api.w.org\/{rel}","templated":true}]}}