{"id":33389,"date":"2023-11-15T03:09:17","date_gmt":"2023-11-15T08:09:17","guid":{"rendered":"https:\/\/polyvision.com\/industry-solutions\/"},"modified":"2025-10-13T04:10:31","modified_gmt":"2025-10-13T08:10:31","slug":"soluciones-industriales","status":"publish","type":"page","link":"https:\/\/polyvision.com\/es\/soluciones-industriales\/","title":{"rendered":"SOLUCIONES INDUSTRIALES"},"content":{"rendered":"\t\t<div data-elementor-type=\"wp-page\" data-elementor-id=\"33389\" class=\"elementor elementor-33389 elementor-234\" data-elementor-post-type=\"page\">\n\t\t\t\t<div class=\"elementor-element elementor-element-cab36a7 e-flex e-con-boxed elementor-invisible e-con e-parent\" data-id=\"cab36a7\" data-element_type=\"container\" data-e-type=\"container\" data-settings=\"{&quot;background_background&quot;:&quot;classic&quot;,&quot;animation&quot;:&quot;fadeIn&quot;,&quot;animation_delay&quot;:200}\">\n\t\t\t\t\t<div class=\"e-con-inner\">\n\t\t\t\t<div class=\"elementor-element elementor-element-127d5e52 elementor-widget elementor-widget-heading\" data-id=\"127d5e52\" data-element_type=\"widget\" data-e-type=\"widget\" data-widget_type=\"heading.default\">\n\t\t\t\t<div class=\"elementor-widget-container\">\n\t\t\t\t\t<h1 class=\"elementor-heading-title elementor-size-xxl\">Soluciones por industria<\/h1>\t\t\t\t<\/div>\n\t\t\t\t<\/div>\n\t\t<div class=\"elementor-element elementor-element-6263785 e-con-full e-flex e-con e-child\" data-id=\"6263785\" data-element_type=\"container\" data-e-type=\"container\">\n\t\t<div class=\"elementor-element elementor-element-02ada74 e-con-full e-flex e-con e-child\" data-id=\"02ada74\" data-element_type=\"container\" data-e-type=\"container\">\n\t\t\t\t<div class=\"elementor-element elementor-element-57d7526 elementor-widget-divider--view-line_icon elementor-widget-divider--element-align-left elementor-widget-divider--separator-type-pattern elementor-view-default elementor-widget elementor-widget-divider\" data-id=\"57d7526\" data-element_type=\"widget\" data-e-type=\"widget\" data-widget_type=\"divider.default\">\n\t\t\t\t<div class=\"elementor-widget-container\">\n\t\t\t\t\t\t\t<div class=\"elementor-divider\" style=\"--divider-pattern-url: url(&quot;data:image\/svg+xml,%3Csvg xmlns=&#039;http:\/\/www.w3.org\/2000\/svg&#039; preserveAspectRatio=&#039;none&#039; overflow=&#039;visible&#039; height=&#039;100%&#039; viewBox=&#039;0 0 20 16&#039; fill=&#039;none&#039; stroke=&#039;black&#039; stroke-width=&#039;1&#039; stroke-linecap=&#039;square&#039; stroke-miterlimit=&#039;10&#039;%3E%3Cg transform=&#039;translate(-12.000000, 0)&#039;%3E%3Cpath d=&#039;M28,0L10,18&#039;\/%3E%3Cpath d=&#039;M18,0L0,18&#039;\/%3E%3Cpath d=&#039;M48,0L30,18&#039;\/%3E%3Cpath d=&#039;M38,0L20,18&#039;\/%3E%3C\/g%3E%3C\/svg%3E&quot;);\">\n\t\t\t<span class=\"elementor-divider-separator\">\n\t\t\t\t\t\t\t<div class=\"elementor-icon elementor-divider__element\">\n\t\t\t\t\t<\/div>\n\t\t\t\t\t\t<\/span>\n\t\t<\/div>\n\t\t\t\t\t\t<\/div>\n\t\t\t\t<\/div>\n\t\t\t\t<\/div>\n\t\t\t\t<div class=\"elementor-element elementor-element-04dd5ca elementor-widget-divider--view-line elementor-widget elementor-widget-divider\" data-id=\"04dd5ca\" data-element_type=\"widget\" data-e-type=\"widget\" data-widget_type=\"divider.default\">\n\t\t\t\t<div class=\"elementor-widget-container\">\n\t\t\t\t\t\t\t<div class=\"elementor-divider\">\n\t\t\t<span class=\"elementor-divider-separator\">\n\t\t\t\t\t\t<\/span>\n\t\t<\/div>\n\t\t\t\t\t\t<\/div>\n\t\t\t\t<\/div>\n\t\t<div class=\"elementor-element elementor-element-09faa0b e-con-full e-flex e-con e-child\" data-id=\"09faa0b\" data-element_type=\"container\" data-e-type=\"container\">\n\t\t\t\t<div class=\"elementor-element elementor-element-f671d02 elementor-widget elementor-widget-elementskit-breadcrumb\" data-id=\"f671d02\" data-element_type=\"widget\" data-e-type=\"widget\" data-widget_type=\"elementskit-breadcrumb.default\">\n\t\t\t\t<div class=\"elementor-widget-container\">\n\t\t\t\t\t<div class=\"ekit-wid-con\" ><ol class=\"ekit-breadcrumb\"><li class=\"ekit_breadcrumbs_start\"><span class=\"ekit_home_icon\"> <i class=\"fas fa-home\"><\/i> <\/span><a href=\"https:\/\/polyvision.com\/es\/\">Home<\/a><\/li> <li class=\"brd_sep\"><span class=\"separate_icon\"><i class=\"icon icon-right-arrow1\"><\/i><\/span><\/li>  <li>SOLUCIONES INDUSTRIALES<\/li><\/ol><\/div>\t\t\t\t<\/div>\n\t\t\t\t<\/div>\n\t\t\t\t<\/div>\n\t\t\t\t<\/div>\n\t\t\t\t\t<\/div>\n\t\t\t\t<\/div>\n\t\t<div class=\"elementor-element elementor-element-55e0885 e-flex e-con-boxed e-con e-parent\" data-id=\"55e0885\" data-element_type=\"container\" data-e-type=\"container\">\n\t\t\t\t\t<div class=\"e-con-inner\">\n\t\t<a class=\"elementor-element elementor-element-417e4af e-con-full e-flex elementor-invisible e-con e-child\" data-id=\"417e4af\" data-element_type=\"container\" data-e-type=\"container\" data-settings=\"{&quot;background_background&quot;:&quot;classic&quot;,&quot;animation&quot;:&quot;fadeIn&quot;,&quot;animation_delay&quot;:500}\" href=\"https:\/\/polyvision.com\/es\/soluciones-industriales\/educacion\/\">\n\t\t<div class=\"elementor-element elementor-element-2994fbc e-con-full e-flex e-con e-child\" data-id=\"2994fbc\" data-element_type=\"container\" data-e-type=\"container\" data-settings=\"{&quot;background_background&quot;:&quot;classic&quot;}\">\n\t\t\t\t<div class=\"elementor-element elementor-element-9a1c29e elementor-widget elementor-widget-elementskit-motion-text\" data-id=\"9a1c29e\" data-element_type=\"widget\" data-e-type=\"widget\" data-widget_type=\"elementskit-motion-text.default\">\n\t\t\t\t<div class=\"elementor-widget-container\">\n\t\t\t\t\t<div class=\"ekit-wid-con\" >\t\t<div class=\"elementskit_motion_text_wraper\">\n\t\t\t\t\t\t<div class=\"ekit_motion_text_inner_wraper \" >\n\t\t\t<h2 class=\"ekit_motion_text_title ekit_animation ekit_no_spilit \" data-ekit-animation-delay-s=\"10\" data-animate-class=\"ekit-FadeInLeft\"><span class=\"ekit_motion_text\" data-ekit-animation-delay=\"\">EDUCACI\u00d3N<\/span>\t\t\t\t<\/h2>\t\t\t\t\t\t\t\t\t<\/div>\n\t\t<\/div>\n\n\t\t<\/div>\t\t\t\t<\/div>\n\t\t\t\t<\/div>\n\t\t\t\t<\/div>\n\t\t\t\t<div class=\"elementor-element elementor-element-a533ba2 elementor-widget__width-inherit ekit-cursor-enabled-yes elementor-invisible elementor-widget elementor-widget-elementskit-flip-box\" data-id=\"a533ba2\" data-element_type=\"widget\" data-e-type=\"widget\" data-settings=\"{&quot;_animation&quot;:&quot;fadeIn&quot;,&quot;_animation_delay&quot;:200,&quot;ekit_cursor_show&quot;:&quot;yes&quot;,&quot;ekit_cursor_type&quot;:&quot;icon&quot;,&quot;ekit_cursor_icons&quot;:{&quot;value&quot;:{&quot;url&quot;:&quot;https:\\\/\\\/polyvision.com\\\/wp-content\\\/uploads\\\/2023\\\/12\\\/Polyvision_Logo_Light_2024_flower.svg&quot;,&quot;id&quot;:604},&quot;library&quot;:&quot;svg&quot;}}\" data-widget_type=\"elementskit-flip-box.default\">\n\t\t\t\t<div class=\"elementor-widget-container\">\n\t\t\t\t\t<div class=\"ekit-wid-con\" >        <div class=\"ekit-flip-box  box_hover fade_style\">\n            <div class=\"ekit-flip-box-inner\">\n                <div class=\"ekit-flip-box-front \">\n                    <div class=\"ekit-flip-box-inner-wrap\">\n                                            <\/div>\n                <\/div>\n                <div class=\"ekit-flip-box-back \">\n                    <div class=\"ekit-flip-box-inner-wrap wrap-back\">\n                        <div class=\"ekit-flip-box-back-wrap\">\n                                                            <h5 class=\"ekit-flip-box-back-sub-title\">Innove el sector educativo con nosotros.<\/h5>\n                                                            <p class=\"ekit-flip-box-back-description\">Reinvente los espacios educativos con nuestras soluciones de CeramicSteel, resistentes y llenas de color.<\/p>\n                                                    <\/div>\n                    <\/div>\n                <\/div>\n            <\/div>\n        <\/div>\n        <\/div>\t\t\t\t<\/div>\n\t\t\t\t<\/div>\n\t\t\t\t<\/a>\n\t\t<a class=\"elementor-element elementor-element-2a4d7dd e-con-full e-flex elementor-invisible e-con e-child\" data-id=\"2a4d7dd\" data-element_type=\"container\" data-e-type=\"container\" data-settings=\"{&quot;background_background&quot;:&quot;classic&quot;,&quot;animation&quot;:&quot;fadeIn&quot;,&quot;animation_delay&quot;:600}\" href=\"https:\/\/polyvision.com\/es\/soluciones-industriales\/comercios\/\">\n\t\t<div class=\"elementor-element elementor-element-8d8dfc0 e-con-full e-flex e-con e-child\" data-id=\"8d8dfc0\" data-element_type=\"container\" data-e-type=\"container\" data-settings=\"{&quot;background_background&quot;:&quot;classic&quot;}\">\n\t\t\t\t<div class=\"elementor-element elementor-element-39d2e13 elementor-widget elementor-widget-elementskit-motion-text\" data-id=\"39d2e13\" data-element_type=\"widget\" data-e-type=\"widget\" data-widget_type=\"elementskit-motion-text.default\">\n\t\t\t\t<div class=\"elementor-widget-container\">\n\t\t\t\t\t<div class=\"ekit-wid-con\" >\t\t<div class=\"elementskit_motion_text_wraper\">\n\t\t\t\t\t\t<div class=\"ekit_motion_text_inner_wraper \" >\n\t\t\t<h2 class=\"ekit_motion_text_title ekit_animation ekit_no_spilit \" data-ekit-animation-delay-s=\"10\" data-animate-class=\"ekit-FadeInLeft\"><span class=\"ekit_motion_text\" data-ekit-animation-delay=\"\">COMERCIOS <\/span>\t\t\t\t<\/h2>\t\t\t\t\t\t\t\t\t<\/div>\n\t\t<\/div>\n\n\t\t<\/div>\t\t\t\t<\/div>\n\t\t\t\t<\/div>\n\t\t\t\t<\/div>\n\t\t\t\t<div class=\"elementor-element elementor-element-072e316 elementor-widget__width-inherit ekit-cursor-enabled-yes elementor-invisible elementor-widget elementor-widget-elementskit-flip-box\" data-id=\"072e316\" data-element_type=\"widget\" data-e-type=\"widget\" data-settings=\"{&quot;_animation&quot;:&quot;fadeIn&quot;,&quot;_animation_delay&quot;:200,&quot;ekit_cursor_show&quot;:&quot;yes&quot;,&quot;ekit_cursor_type&quot;:&quot;icon&quot;,&quot;ekit_cursor_icons&quot;:{&quot;value&quot;:{&quot;url&quot;:&quot;https:\\\/\\\/polyvision.com\\\/wp-content\\\/uploads\\\/2023\\\/12\\\/Polyvision_Logo_Light_2024_flower.svg&quot;,&quot;id&quot;:604},&quot;library&quot;:&quot;svg&quot;}}\" data-widget_type=\"elementskit-flip-box.default\">\n\t\t\t\t<div class=\"elementor-widget-container\">\n\t\t\t\t\t<div class=\"ekit-wid-con\" >        <div class=\"ekit-flip-box  box_hover fade_style\">\n            <div class=\"ekit-flip-box-inner\">\n                <div class=\"ekit-flip-box-front \">\n                    <div class=\"ekit-flip-box-inner-wrap\">\n                                            <\/div>\n                <\/div>\n                <div class=\"ekit-flip-box-back \">\n                    <div class=\"ekit-flip-box-inner-wrap wrap-back\">\n                        <div class=\"ekit-flip-box-back-wrap\">\n                                                            <h5 class=\"ekit-flip-box-back-sub-title\"> Lleve su espacio comercial a otro nivel hoy mismo.<\/h5>\n                                                            <p class=\"ekit-flip-box-back-description\">Mejore su comercio con nuestro CeramicSteel de alto rendimiento.<\/p>\n                                                    <\/div>\n                    <\/div>\n                <\/div>\n            <\/div>\n        <\/div>\n        <\/div>\t\t\t\t<\/div>\n\t\t\t\t<\/div>\n\t\t\t\t<\/a>\n\t\t<a class=\"elementor-element elementor-element-bf03850 e-con-full e-flex elementor-invisible e-con e-child\" data-id=\"bf03850\" data-element_type=\"container\" data-e-type=\"container\" data-settings=\"{&quot;background_background&quot;:&quot;classic&quot;,&quot;animation&quot;:&quot;fadeIn&quot;,&quot;animation_delay&quot;:700}\" href=\"https:\/\/polyvision.com\/es\/soluciones-industriales\/publica\/\">\n\t\t<div class=\"elementor-element elementor-element-6dcef3a e-con-full e-flex e-con e-child\" data-id=\"6dcef3a\" data-element_type=\"container\" data-e-type=\"container\" data-settings=\"{&quot;background_background&quot;:&quot;classic&quot;}\">\n\t\t\t\t<div class=\"elementor-element elementor-element-52b0e50 elementor-widget elementor-widget-elementskit-motion-text\" data-id=\"52b0e50\" data-element_type=\"widget\" data-e-type=\"widget\" data-widget_type=\"elementskit-motion-text.default\">\n\t\t\t\t<div class=\"elementor-widget-container\">\n\t\t\t\t\t<div class=\"ekit-wid-con\" >\t\t<div class=\"elementskit_motion_text_wraper\">\n\t\t\t\t\t\t<div class=\"ekit_motion_text_inner_wraper \" >\n\t\t\t<h2 class=\"ekit_motion_text_title ekit_animation ekit_no_spilit \" data-ekit-animation-delay-s=\"10\" data-animate-class=\"ekit-FadeInLeft\"><span class=\"ekit_motion_text\" data-ekit-animation-delay=\"\">P\u00daBLICA<\/span>\t\t\t\t<\/h2>\t\t\t\t\t\t\t\t\t<\/div>\n\t\t<\/div>\n\n\t\t<\/div>\t\t\t\t<\/div>\n\t\t\t\t<\/div>\n\t\t\t\t<\/div>\n\t\t\t\t<div class=\"elementor-element elementor-element-6cfcb4a elementor-widget__width-inherit ekit-cursor-enabled-yes elementor-invisible elementor-widget elementor-widget-elementskit-flip-box\" data-id=\"6cfcb4a\" data-element_type=\"widget\" data-e-type=\"widget\" data-settings=\"{&quot;_animation&quot;:&quot;fadeIn&quot;,&quot;_animation_delay&quot;:200,&quot;ekit_cursor_show&quot;:&quot;yes&quot;,&quot;ekit_cursor_type&quot;:&quot;icon&quot;,&quot;ekit_cursor_icons&quot;:{&quot;value&quot;:{&quot;url&quot;:&quot;https:\\\/\\\/polyvision.com\\\/wp-content\\\/uploads\\\/2023\\\/12\\\/Polyvision_Logo_Light_2024_flower.svg&quot;,&quot;id&quot;:604},&quot;library&quot;:&quot;svg&quot;}}\" data-widget_type=\"elementskit-flip-box.default\">\n\t\t\t\t<div class=\"elementor-widget-container\">\n\t\t\t\t\t<div class=\"ekit-wid-con\" >        <div class=\"ekit-flip-box  box_hover fade_style\">\n            <div class=\"ekit-flip-box-inner\">\n                <div class=\"ekit-flip-box-front \">\n                    <div class=\"ekit-flip-box-inner-wrap\">\n                                            <\/div>\n                <\/div>\n                <div class=\"ekit-flip-box-back \">\n                    <div class=\"ekit-flip-box-inner-wrap wrap-back\">\n                        <div class=\"ekit-flip-box-back-wrap\">\n                                                            <h5 class=\"ekit-flip-box-back-sub-title\">Redefina los espacios p\u00fablicos hoy mismo.<\/h5>\n                                                            <p class=\"ekit-flip-box-back-description\">Transforme las instalaciones p\u00fablicas con la resistencia y el atractivo est\u00e9tico de CeramicSteel.<\/p>\n                                                    <\/div>\n                    <\/div>\n                <\/div>\n            <\/div>\n        <\/div>\n        <\/div>\t\t\t\t<\/div>\n\t\t\t\t<\/div>\n\t\t\t\t<\/a>\n\t\t\t\t\t<\/div>\n\t\t\t\t<\/div>\n\t\t<div class=\"elementor-element elementor-element-c6a2bb4 e-flex e-con-boxed e-con e-parent\" data-id=\"c6a2bb4\" data-element_type=\"container\" data-e-type=\"container\">\n\t\t\t\t\t<div class=\"e-con-inner\">\n\t\t<a class=\"elementor-element elementor-element-2e0d47c e-con-full e-flex elementor-invisible e-con e-child\" data-id=\"2e0d47c\" data-element_type=\"container\" data-e-type=\"container\" data-settings=\"{&quot;background_background&quot;:&quot;classic&quot;,&quot;animation&quot;:&quot;fadeIn&quot;,&quot;animation_delay&quot;:300}\" href=\"https:\/\/polyvision.com\/es\/soluciones-industriales\/salud\/\">\n\t\t<div class=\"elementor-element elementor-element-fd18729 e-con-full e-flex e-con e-child\" data-id=\"fd18729\" data-element_type=\"container\" data-e-type=\"container\" data-settings=\"{&quot;background_background&quot;:&quot;classic&quot;}\">\n\t\t\t\t<div class=\"elementor-element elementor-element-819eeca elementor-widget elementor-widget-elementskit-motion-text\" data-id=\"819eeca\" data-element_type=\"widget\" data-e-type=\"widget\" data-widget_type=\"elementskit-motion-text.default\">\n\t\t\t\t<div class=\"elementor-widget-container\">\n\t\t\t\t\t<div class=\"ekit-wid-con\" >\t\t<div class=\"elementskit_motion_text_wraper\">\n\t\t\t\t\t\t<div class=\"ekit_motion_text_inner_wraper \" >\n\t\t\t<h2 class=\"ekit_motion_text_title ekit_animation ekit_no_spilit \" data-ekit-animation-delay-s=\"10\" data-animate-class=\"ekit-FadeInLeft\"><span class=\"ekit_motion_text\" data-ekit-animation-delay=\"\">SALUD<\/span>\t\t\t\t<\/h2>\t\t\t\t\t\t\t\t\t<\/div>\n\t\t<\/div>\n\n\t\t<\/div>\t\t\t\t<\/div>\n\t\t\t\t<\/div>\n\t\t\t\t<\/div>\n\t\t\t\t<div class=\"elementor-element elementor-element-58499ec elementor-widget__width-inherit ekit-cursor-enabled-yes elementor-invisible elementor-widget elementor-widget-elementskit-flip-box\" data-id=\"58499ec\" data-element_type=\"widget\" data-e-type=\"widget\" data-settings=\"{&quot;_animation&quot;:&quot;fadeIn&quot;,&quot;_animation_delay&quot;:200,&quot;ekit_cursor_show&quot;:&quot;yes&quot;,&quot;ekit_cursor_type&quot;:&quot;icon&quot;,&quot;ekit_cursor_icons&quot;:{&quot;value&quot;:{&quot;url&quot;:&quot;https:\\\/\\\/polyvision.com\\\/wp-content\\\/uploads\\\/2023\\\/12\\\/Polyvision_Logo_Light_2024_flower.svg&quot;,&quot;id&quot;:604},&quot;library&quot;:&quot;svg&quot;}}\" data-widget_type=\"elementskit-flip-box.default\">\n\t\t\t\t<div class=\"elementor-widget-container\">\n\t\t\t\t\t<div class=\"ekit-wid-con\" >        <div class=\"ekit-flip-box  box_hover fade_style\">\n            <div class=\"ekit-flip-box-inner\">\n                <div class=\"ekit-flip-box-front \">\n                    <div class=\"ekit-flip-box-inner-wrap\">\n                                            <\/div>\n                <\/div>\n                <div class=\"ekit-flip-box-back \">\n                    <div class=\"ekit-flip-box-inner-wrap wrap-back\">\n                        <div class=\"ekit-flip-box-back-wrap\">\n                                                            <h5 class=\"ekit-flip-box-back-sub-title\">Transforme los espacios de salud hoy mismo.<\/h5>\n                                                            <p class=\"ekit-flip-box-back-description\">Mejore los entornos de salud con superficies de CeramicSteel duraderas e higi\u00e9nicas. <\/p>\n                                                    <\/div>\n                    <\/div>\n                <\/div>\n            <\/div>\n        <\/div>\n        <\/div>\t\t\t\t<\/div>\n\t\t\t\t<\/div>\n\t\t\t\t<\/a>\n\t\t<a class=\"elementor-element elementor-element-700307a e-con-full e-flex elementor-invisible e-con e-child\" data-id=\"700307a\" data-element_type=\"container\" data-e-type=\"container\" data-settings=\"{&quot;background_background&quot;:&quot;classic&quot;,&quot;animation&quot;:&quot;fadeIn&quot;,&quot;animation_delay&quot;:400}\" href=\"https:\/\/polyvision.com\/es\/soluciones-industriales\/hospitalidad\/\">\n\t\t<div class=\"elementor-element elementor-element-dd392ae e-con-full e-flex e-con e-child\" data-id=\"dd392ae\" data-element_type=\"container\" data-e-type=\"container\" data-settings=\"{&quot;background_background&quot;:&quot;classic&quot;}\">\n\t\t\t\t<div class=\"elementor-element elementor-element-410e2bd elementor-widget elementor-widget-elementskit-motion-text\" data-id=\"410e2bd\" data-element_type=\"widget\" data-e-type=\"widget\" data-widget_type=\"elementskit-motion-text.default\">\n\t\t\t\t<div class=\"elementor-widget-container\">\n\t\t\t\t\t<div class=\"ekit-wid-con\" >\t\t<div class=\"elementskit_motion_text_wraper\">\n\t\t\t\t\t\t<div class=\"ekit_motion_text_inner_wraper \" >\n\t\t\t<h2 class=\"ekit_motion_text_title ekit_animation ekit_no_spilit \" data-ekit-animation-delay-s=\"10\" data-animate-class=\"ekit-FadeInLeft\"><span class=\"ekit_motion_text\" data-ekit-animation-delay=\"\">HOSPITALIDAD<\/span>\t\t\t\t<\/h2>\t\t\t\t\t\t\t\t\t<\/div>\n\t\t<\/div>\n\n\t\t<\/div>\t\t\t\t<\/div>\n\t\t\t\t<\/div>\n\t\t\t\t<\/div>\n\t\t\t\t<div class=\"elementor-element elementor-element-bde9384 elementor-widget__width-inherit ekit-cursor-enabled-yes elementor-invisible elementor-widget elementor-widget-elementskit-flip-box\" data-id=\"bde9384\" data-element_type=\"widget\" data-e-type=\"widget\" data-settings=\"{&quot;_animation&quot;:&quot;fadeIn&quot;,&quot;_animation_delay&quot;:200,&quot;ekit_cursor_show&quot;:&quot;yes&quot;,&quot;ekit_cursor_type&quot;:&quot;icon&quot;,&quot;ekit_cursor_icons&quot;:{&quot;value&quot;:{&quot;url&quot;:&quot;https:\\\/\\\/polyvision.com\\\/wp-content\\\/uploads\\\/2023\\\/12\\\/Polyvision_Logo_Light_2024_flower.svg&quot;,&quot;id&quot;:604},&quot;library&quot;:&quot;svg&quot;}}\" data-widget_type=\"elementskit-flip-box.default\">\n\t\t\t\t<div class=\"elementor-widget-container\">\n\t\t\t\t\t<div class=\"ekit-wid-con\" >        <div class=\"ekit-flip-box  box_hover fade_style\">\n            <div class=\"ekit-flip-box-inner\">\n                <div class=\"ekit-flip-box-front \">\n                    <div class=\"ekit-flip-box-inner-wrap\">\n                                            <\/div>\n                <\/div>\n                <div class=\"ekit-flip-box-back \">\n                    <div class=\"ekit-flip-box-inner-wrap wrap-back\">\n                        <div class=\"ekit-flip-box-back-wrap\">\n                                                            <h5 class=\"ekit-flip-box-back-sub-title\">Mejore su espacio de hospitalidad.<\/h5>\n                                                            <p class=\"ekit-flip-box-back-description\">Descubra c\u00f3mo nuestro CeramicSteel aporta elegancia y resistencia a cada rinc\u00f3n de su espacio de hospitalidad. <\/p>\n                                                    <\/div>\n                    <\/div>\n                <\/div>\n            <\/div>\n        <\/div>\n        <\/div>\t\t\t\t<\/div>\n\t\t\t\t<\/div>\n\t\t\t\t<\/a>\n\t\t\t\t\t<\/div>\n\t\t\t\t<\/div>\n\t\t<div class=\"elementor-element elementor-element-6935c62c e-flex e-con-boxed elementor-invisible e-con e-parent\" data-id=\"6935c62c\" data-element_type=\"container\" data-e-type=\"container\" data-settings=\"{&quot;animation&quot;:&quot;fadeIn&quot;,&quot;animation_delay&quot;:800}\">\n\t\t\t\t\t<div class=\"e-con-inner\">\n\t\t<div class=\"elementor-element elementor-element-d715c61 my-custom-button_2 e-con-full e-flex e-con e-child\" data-id=\"d715c61\" data-element_type=\"container\" data-e-type=\"container\">\n\t\t\t\t<div class=\"elementor-element elementor-element-7e20d75 ekit-equal-height-enable elementor-widget elementor-widget-elementskit-icon-box\" data-id=\"7e20d75\" data-element_type=\"widget\" data-e-type=\"widget\" data-widget_type=\"elementskit-icon-box.default\">\n\t\t\t\t<div class=\"elementor-widget-container\">\n\t\t\t\t\t<div class=\"ekit-wid-con\" >        <!-- link opening -->\n                <a href=\"https:\/\/polyvision.com\/contact-sales\/\" class=\"ekit_global_links\">\n                <!-- end link opening -->\n\n        <div class=\"elementskit-infobox text-left text-left icon-lef-right-aligin elementor-animation- media  \">\n                    <div class=\"elementskit-box-header elementor-animation-\">\n                <div class=\"elementskit-info-box-icon  text-center\">\n                    <i aria-hidden=\"true\" class=\"elementkit-infobox-icon icon icon-arrow-right\"><\/i>\n                <\/div>\n          <\/div>\n                        <div class=\"box-body\">\n                            <div class=\"elementskit-info-box-title\">\n                    CONTACTAR A\u00a0VENTAS                <\/div>\n                                            <\/div>\n        \n        \n                <\/div>\n                <\/a>\n        <\/div>\t\t\t\t<\/div>\n\t\t\t\t<\/div>\n\t\t\t\t<\/div>\n\t\t<div class=\"elementor-element elementor-element-e279214 my-custom-button e-flex e-con-boxed e-con e-child\" data-id=\"e279214\" data-element_type=\"container\" data-e-type=\"container\">\n\t\t\t\t\t<div class=\"e-con-inner\">\n\t\t\t\t<div class=\"elementor-element elementor-element-335eedd ekit-equal-height-enable elementor-widget elementor-widget-elementskit-icon-box\" data-id=\"335eedd\" data-element_type=\"widget\" data-e-type=\"widget\" data-widget_type=\"elementskit-icon-box.default\">\n\t\t\t\t<div class=\"elementor-widget-container\">\n\t\t\t\t\t<div class=\"ekit-wid-con\" >        <!-- link opening -->\n                <a href=\"https:\/\/polyvision.com\/resources\/samples\/\" class=\"ekit_global_links\">\n                <!-- end link opening -->\n\n        <div class=\"elementskit-infobox text-left text-left icon-lef-right-aligin elementor-animation- media  \">\n                    <div class=\"elementskit-box-header elementor-animation-\">\n                <div class=\"elementskit-info-box-icon  text-center\">\n                    <i aria-hidden=\"true\" class=\"elementkit-infobox-icon icon icon-arrow-right\"><\/i>\n                <\/div>\n          <\/div>\n                        <div class=\"box-body\">\n                            <div class=\"elementskit-info-box-title\">\n                    MUESTRAS                <\/div>\n                                            <\/div>\n        \n        \n                <\/div>\n                <\/a>\n        <\/div>\t\t\t\t<\/div>\n\t\t\t\t<\/div>\n\t\t\t\t\t<\/div>\n\t\t\t\t<\/div>\n\t\t\t\t\t<\/div>\n\t\t\t\t<\/div>\n\t\t\t\t<\/div>\n\t\t","protected":false},"excerpt":{"rendered":"<p>Soluciones por industria Home EDUCACI\u00d3N Innove el sector educativo con nosotros. Reinvente los espacios educativos con nuestras soluciones de CeramicSteel, resistentes y llenas de color. COMERCIOS Lleve su espacio comercial a otro nivel hoy mismo. Mejore su comercio con nuestro CeramicSteel de alto rendimiento. P\u00daBLICA Redefina los espacios p\u00fablicos hoy mismo. Transforme las instalaciones p\u00fablicas &hellip;<\/p>\n","protected":false},"author":4,"featured_media":0,"parent":0,"menu_order":9,"comment_status":"closed","ping_status":"closed","template":"elementor_header_footer","meta":{"_acf_changed":false,"_genesis_block_theme_hide_title":false,"iawp_total_views":39,"footnotes":""},"class_list":["post-33389","page","type-page","status-publish","hentry","post","without-featured-image"],"acf":[],"_links":{"self":[{"href":"https:\/\/polyvision.com\/es\/wp-json\/wp\/v2\/pages\/33389","targetHints":{"allow":["GET"]}}],"collection":[{"href":"https:\/\/polyvision.com\/es\/wp-json\/wp\/v2\/pages"}],"about":[{"href":"https:\/\/polyvision.com\/es\/wp-json\/wp\/v2\/types\/page"}],"author":[{"embeddable":true,"href":"https:\/\/polyvision.com\/es\/wp-json\/wp\/v2\/users\/4"}],"replies":[{"embeddable":true,"href":"https:\/\/polyvision.com\/es\/wp-json\/wp\/v2\/comments?post=33389"}],"version-history":[{"count":0,"href":"https:\/\/polyvision.com\/es\/wp-json\/wp\/v2\/pages\/33389\/revisions"}],"wp:attachment":[{"href":"https:\/\/polyvision.com\/es\/wp-json\/wp\/v2\/media?parent=33389"}],"curies":[{"name":"wp","href":"https:\/\/api.w.org\/{rel}","templated":true}]}}